{"id":12,"date":"2024-08-30T21:50:27","date_gmt":"2024-08-30T19:50:27","guid":{"rendered":"https:\/\/etim.at\/?page_id=12"},"modified":"2026-02-11T13:03:58","modified_gmt":"2026-02-11T12:03:58","slug":"mitglieder","status":"publish","type":"page","link":"https:\/\/www.etim.at\/?page_id=12","title":{"rendered":"Mitglieder"},"content":{"rendered":"\n<h2 class=\"wp-block-heading has-text-align-left has-text-color has-link-color wp-elements-024e0ac7cf3267f709f5fdee4f4dd69b\" style=\"color:#325fa2;font-size:clamp(0.984rem, 0.984rem + ((1vw - 0.2rem) * 0.86), 1.5rem);\">H<strong>ersteller und Importeure<\/strong><\/h2>\n\n\n\n<div class=\"wp-block-media-text has-media-on-the-right is-stacked-on-mobile is-vertically-aligned-center\" style=\"border-style:none;border-width:0px;border-radius:0px;margin-top:0;margin-bottom:0;padding-top:0;padding-right:0;padding-bottom:0;padding-left:0;grid-template-columns:auto 25%\"><div class=\"wp-block-media-text__content\">\n<p class=\"has-link-color wp-elements-6d581ad8f7f5b456caddfc71f68033ec\" style=\"padding-top:0;padding-right:0;padding-bottom:0;padding-left:0\">Auer Signal GmbH<br>Perfektastrasse 102<br>1230 Wien<br><a href=\"http:\/\/www.auersignal.com\" target=\"_blank\" rel=\"noreferrer noopener\">www.auersignal.com<\/a><\/p>\n<\/div><figure class=\"wp-block-media-text__media\"><img loading=\"lazy\" decoding=\"async\" width=\"150\" height=\"80\" src=\"https:\/\/etim.at\/wp-content\/uploads\/2025\/09\/AuerSignal-1.jpg\" alt=\"\" class=\"wp-image-153 size-full\"\/><\/figure><\/div>\n\n\n\n<div class=\"wp-block-media-text has-media-on-the-right is-stacked-on-mobile\" style=\"grid-template-columns:auto 25%\"><div class=\"wp-block-media-text__content\">\n<p class=\"has-link-color wp-elements-5c007a92da47d51e18c9f06709b638cc\">Dietzel GmbH<br>1.Haidequerstra\u00dfe 3-5<br>1110 Wien<br><a href=\"http:\/\/www.dietzel.at\" data-type=\"link\" data-id=\"www.dietzel.at\" target=\"_blank\" rel=\"noreferrer noopener\">www.dietzel.at<\/a><\/p>\n<\/div><figure class=\"wp-block-media-text__media\"><img loading=\"lazy\" decoding=\"async\" width=\"150\" height=\"64\" src=\"https:\/\/etim.at\/wp-content\/uploads\/2025\/09\/Dietzel_Univolt.jpg\" alt=\"\" class=\"wp-image-157 size-full\"\/><\/figure><\/div>\n\n\n\n<div class=\"wp-block-media-text has-media-on-the-right is-stacked-on-mobile\" style=\"grid-template-columns:auto 27%\"><div class=\"wp-block-media-text__content\">\n<p class=\"has-link-color wp-elements-b118ea972c44db85b9c99de47ef2a885\">e-term Handels GmbH<br>Feldstrasse 11<br>6020 Innsbruck<br><a href=\"http:\/\/www.e-term.at\" data-type=\"link\" data-id=\"www.e-term.at\" target=\"_blank\" rel=\"noreferrer noopener\">www.e-term.at<\/a><\/p>\n<\/div><figure class=\"wp-block-media-text__media\"><img loading=\"lazy\" decoding=\"async\" width=\"1024\" height=\"128\" src=\"https:\/\/www.etim.at\/wp-content\/uploads\/2026\/02\/e-term_Logo_Claim_gruen-1024x128.png\" alt=\"\" class=\"wp-image-451 size-full\" srcset=\"https:\/\/www.etim.at\/wp-content\/uploads\/2026\/02\/e-term_Logo_Claim_gruen-1024x128.png 1024w, https:\/\/www.etim.at\/wp-content\/uploads\/2026\/02\/e-term_Logo_Claim_gruen-300x37.png 300w, https:\/\/www.etim.at\/wp-content\/uploads\/2026\/02\/e-term_Logo_Claim_gruen-768x96.png 768w, https:\/\/www.etim.at\/wp-content\/uploads\/2026\/02\/e-term_Logo_Claim_gruen.png 1284w\" sizes=\"auto, (max-width: 1024px) 100vw, 1024px\" \/><\/figure><\/div>\n\n\n\n<div class=\"wp-block-media-text has-media-on-the-right is-stacked-on-mobile\" style=\"grid-template-columns:auto 25%\"><div class=\"wp-block-media-text__content\">\n<p class=\"has-link-color wp-elements-8d06bafa648ed02385befd5ab5d925b5\">Euro Unitech Elektrotechnikges.m.b.H.<br>Gradnerstrasse 172<br>8054 Graz<br><a href=\"http:\/\/www.eurounitech.at\" data-type=\"link\" data-id=\"www.eurounitech.at\" target=\"_blank\" rel=\"noreferrer noopener\">www.eurounitech.at<\/a><\/p>\n<\/div><figure class=\"wp-block-media-text__media\"><img loading=\"lazy\" decoding=\"async\" width=\"150\" height=\"84\" src=\"https:\/\/etim.at\/wp-content\/uploads\/2025\/09\/eurounitech.png\" alt=\"\" class=\"wp-image-160 size-full\"\/><\/figure><\/div>\n\n\n\n<div class=\"wp-block-media-text has-media-on-the-right is-stacked-on-mobile\" style=\"grid-template-columns:auto 25%\"><div class=\"wp-block-media-text__content\">\n<p class=\"has-link-color wp-elements-34fe65cd3d9b733c21b6a923e6260f85\">Legrand Austria GmbH<br>Floridsdorfer Hauptstrasse 1<br>1210 Wien<br><a href=\"http:\/\/www.legrand.at\" data-type=\"link\" data-id=\"www.legrand.at\" target=\"_blank\" rel=\"noreferrer noopener\">www.legrand.at<\/a><\/p>\n<\/div><figure class=\"wp-block-media-text__media\"><img loading=\"lazy\" decoding=\"async\" width=\"150\" height=\"38\" src=\"https:\/\/etim.at\/wp-content\/uploads\/2025\/09\/legrand.jpg\" alt=\"\" class=\"wp-image-161 size-full\"\/><\/figure><\/div>\n\n\n\n<div class=\"wp-block-media-text has-media-on-the-right is-stacked-on-mobile\" style=\"grid-template-columns:auto 25%\"><div class=\"wp-block-media-text__content\">\n<p class=\"has-link-color wp-elements-6fda8e2af5250c6ceb70e1ffdae36ba0\">Hager Electro Ges.m.b.H.<br>Dieselgasse 3<br>2333 Leopoldsdorf bei Wien<br><a href=\"http:\/\/hager.at\" data-type=\"link\" data-id=\"hager.at\" target=\"_blank\" rel=\"noreferrer noopener\">hager.at<\/a><\/p>\n<\/div><figure class=\"wp-block-media-text__media\"><img loading=\"lazy\" decoding=\"async\" width=\"150\" height=\"51\" src=\"https:\/\/etim.at\/wp-content\/uploads\/2025\/09\/Hager.jpg\" alt=\"\" class=\"wp-image-162 size-full\"\/><\/figure><\/div>\n\n\n\n<div class=\"wp-block-media-text has-media-on-the-right is-stacked-on-mobile\" style=\"grid-template-columns:auto 25%\"><div class=\"wp-block-media-text__content\">\n<p class=\"has-link-color wp-elements-f7a3bae0e7e2d8841aa9a48742f1cdd9\">Intercable Tools GmbH<br>Hauptstrasse 91<br>2231 Strasshof<br><a href=\"http:\/\/www.intercable-tools.at\" data-type=\"link\" data-id=\"www.intercable-tools.at\" target=\"_blank\" rel=\"noreferrer noopener\">www.intercable-tools.at<\/a><\/p>\n<\/div><figure class=\"wp-block-media-text__media\"><img loading=\"lazy\" decoding=\"async\" width=\"1024\" height=\"281\" src=\"https:\/\/etim.at\/wp-content\/uploads\/2025\/09\/intercable_tools_neu-1024x281.jpg\" alt=\"\" class=\"wp-image-163 size-full\" srcset=\"https:\/\/www.etim.at\/wp-content\/uploads\/2025\/09\/intercable_tools_neu-1024x281.jpg 1024w, https:\/\/www.etim.at\/wp-content\/uploads\/2025\/09\/intercable_tools_neu-300x82.jpg 300w, https:\/\/www.etim.at\/wp-content\/uploads\/2025\/09\/intercable_tools_neu-768x211.jpg 768w, https:\/\/www.etim.at\/wp-content\/uploads\/2025\/09\/intercable_tools_neu-1536x421.jpg 1536w, https:\/\/www.etim.at\/wp-content\/uploads\/2025\/09\/intercable_tools_neu.jpg 1795w\" sizes=\"auto, (max-width: 1024px) 100vw, 1024px\" \/><\/figure><\/div>\n\n\n\n<div class=\"wp-block-media-text has-media-on-the-right is-stacked-on-mobile\" style=\"grid-template-columns:auto 25%\"><div class=\"wp-block-media-text__content\">\n<p class=\"has-link-color wp-elements-ffd472a4f4ebd0567af5553bf9ba48b1\">Klauke Handelsges.m.b.H.<br>Ared-Strasse 7 Top 3<br>2544 Leobersdorf<br><a href=\"http:\/\/www.klauke.com\" data-type=\"link\" data-id=\"www.klauke.com\" target=\"_blank\" rel=\"noreferrer noopener\">www.klauke.com<\/a><\/p>\n<\/div><figure class=\"wp-block-media-text__media\"><img loading=\"lazy\" decoding=\"async\" width=\"150\" height=\"30\" src=\"https:\/\/etim.at\/wp-content\/uploads\/2025\/09\/klauke.png\" alt=\"\" class=\"wp-image-164 size-full\"\/><\/figure><\/div>\n\n\n\n<div class=\"wp-block-media-text has-media-on-the-right is-stacked-on-mobile\" style=\"grid-template-columns:auto 25%\"><div class=\"wp-block-media-text__content\">\n<p class=\"has-link-color wp-elements-ef01b7c1d63c5455586e7f2559a78ff4\">MEHLER Elektrotechnik Ges.m.b.H<br>Lange Gasse 3<br>4493 Wolfern<br><a href=\"http:\/\/www.mehler.at\" data-type=\"link\" data-id=\"www.mehler.at\" target=\"_blank\" rel=\"noreferrer noopener\">www.mehler.at<\/a><\/p>\n<\/div><figure class=\"wp-block-media-text__media\"><img loading=\"lazy\" decoding=\"async\" width=\"150\" height=\"70\" src=\"https:\/\/etim.at\/wp-content\/uploads\/2025\/09\/ME_MEHLER-Elektrotechnik.jpg\" alt=\"\" class=\"wp-image-165 size-full\"\/><\/figure><\/div>\n\n\n\n<div class=\"wp-block-media-text has-media-on-the-right is-stacked-on-mobile\" style=\"grid-template-columns:auto 25%\"><div class=\"wp-block-media-text__content\">\n<p class=\"has-link-color wp-elements-26e602767e53aa6330f65c7f4e906130\">M. Schurrer &amp; Co Ges.m.b.H.<br>Bayernstra\u00dfe 39<br>5072 Siezenheim<br><a href=\"http:\/\/www.schurrer.at\" data-type=\"link\" data-id=\"www.schurrer.at\" target=\"_blank\" rel=\"noreferrer noopener\">www.schurrer.at<\/a><\/p>\n<\/div><figure class=\"wp-block-media-text__media\"><img loading=\"lazy\" decoding=\"async\" width=\"150\" height=\"31\" src=\"https:\/\/etim.at\/wp-content\/uploads\/2025\/09\/schurrer.jpg\" alt=\"\" class=\"wp-image-166 size-full\"\/><\/figure><\/div>\n\n\n\n<div class=\"wp-block-media-text has-media-on-the-right is-stacked-on-mobile\" style=\"grid-template-columns:auto 25%\"><div class=\"wp-block-media-text__content\">\n<p class=\"has-link-color wp-elements-d2d03f1841010650f67503e50b030792\">OBO BETTERMANN Austria GmbH<br>Hatmanekgasse 6<br>1230 Wien<br><a href=\"http:\/\/www.obo.at\" data-type=\"link\" data-id=\"www.obo.at\" target=\"_blank\" rel=\"noreferrer noopener\">www.obo.at<\/a><\/p>\n<\/div><figure class=\"wp-block-media-text__media\"><img loading=\"lazy\" decoding=\"async\" width=\"150\" height=\"69\" src=\"https:\/\/etim.at\/wp-content\/uploads\/2025\/09\/obo.png\" alt=\"\" class=\"wp-image-167 size-full\"\/><\/figure><\/div>\n\n\n\n<div class=\"wp-block-media-text has-media-on-the-right is-stacked-on-mobile\" style=\"grid-template-columns:auto 25%\"><div class=\"wp-block-media-text__content\">\n<p class=\"has-link-color wp-elements-6f28486e1eae9379891131c848f7f1e6\">Pipelife Austria GmbH &amp; Co KG<br>IZ-N\u00d6-S\u00dcD, Stra\u00dfe 1, Obj.27<br>2355 Wiener Neudorf<br><a href=\"http:\/\/www.pipelife.at\" data-type=\"link\" data-id=\"www.pipelife.at\" target=\"_blank\" rel=\"noreferrer noopener\">www.pipelife.at<\/a><\/p>\n<\/div><figure class=\"wp-block-media-text__media\"><img loading=\"lazy\" decoding=\"async\" width=\"150\" height=\"37\" src=\"https:\/\/etim.at\/wp-content\/uploads\/2025\/09\/pipelife.jpg\" alt=\"\" class=\"wp-image-168 size-full\"\/><\/figure><\/div>\n\n\n\n<div class=\"wp-block-media-text has-media-on-the-right is-stacked-on-mobile\" style=\"grid-template-columns:auto 20%\"><div class=\"wp-block-media-text__content\">\n<p class=\"has-link-color wp-elements-12d3e31e21ee9906c44ef61233873add\">PC Electric GmbH<br>Diesseits 145<br>4973 St. Martin im Innkreis<br><a href=\"http:\/\/www.pcelectric.at\" target=\"_blank\" rel=\"noreferrer noopener\">www.pcelectric.at<\/a><\/p>\n<\/div><figure class=\"wp-block-media-text__media\"><img loading=\"lazy\" decoding=\"async\" width=\"67\" height=\"100\" src=\"https:\/\/etim.at\/wp-content\/uploads\/2025\/09\/PCE.png\" alt=\"\" class=\"wp-image-169 size-full\"\/><\/figure><\/div>\n\n\n\n<div class=\"wp-block-media-text has-media-on-the-right is-stacked-on-mobile\" style=\"grid-template-columns:auto 20%\"><div class=\"wp-block-media-text__content\">\n<p class=\"has-link-color wp-elements-9a32b3162ca2f7f569eaf7d2e78a4e39\">Rittal GmbH<br>Laxenburger Strasse 246a<br>1239 Wien<br><a href=\"http:\/\/www.rittal.at\" data-type=\"link\" data-id=\"www.rittal.at\" target=\"_blank\" rel=\"noreferrer noopener\">www.rittal.at<\/a><\/p>\n<\/div><figure class=\"wp-block-media-text__media\"><img loading=\"lazy\" decoding=\"async\" width=\"50\" height=\"70\" src=\"https:\/\/etim.at\/wp-content\/uploads\/2025\/09\/rittal.jpg\" alt=\"\" class=\"wp-image-170 size-full\"\/><\/figure><\/div>\n\n\n\n<div class=\"wp-block-media-text has-media-on-the-right is-stacked-on-mobile\" style=\"grid-template-columns:auto 25%\"><div class=\"wp-block-media-text__content\">\n<p class=\"has-link-color wp-elements-3001cf4ed5650db9eaa9aae5ed6e2935\">Siblik Elektrik GmbH &amp; Co. KG<br>Murbangasse 6<br>1100 Wien<br><a href=\"http:\/\/www.siblik.com\" data-type=\"link\" data-id=\"www.siblik.com\" target=\"_blank\" rel=\"noreferrer noopener\">www.siblik.com<\/a><\/p>\n<\/div><figure class=\"wp-block-media-text__media\"><img loading=\"lazy\" decoding=\"async\" width=\"150\" height=\"81\" src=\"https:\/\/etim.at\/wp-content\/uploads\/2025\/09\/siblik.jpg\" alt=\"\" class=\"wp-image-171 size-full\"\/><\/figure><\/div>\n\n\n\n<div class=\"wp-block-media-text has-media-on-the-right is-stacked-on-mobile\" style=\"grid-template-columns:auto 25%\"><div class=\"wp-block-media-text__content\">\n<p class=\"has-link-color wp-elements-9afdb889e9424486a94656e803098a09\">Siemens Aktiengesellschaft \u00d6sterreich<br>Siemensstrasse 90<br>1210 Wien<br><a href=\"http:\/\/www.siemens.at\" target=\"_blank\" rel=\"noreferrer noopener\">www.siemens.at<\/a><\/p>\n<\/div><figure class=\"wp-block-media-text__media\"><img loading=\"lazy\" decoding=\"async\" width=\"150\" height=\"64\" src=\"https:\/\/etim.at\/wp-content\/uploads\/2025\/09\/siemens.png\" alt=\"\" class=\"wp-image-172 size-full\"\/><\/figure><\/div>\n\n\n\n<div class=\"wp-block-media-text has-media-on-the-right is-stacked-on-mobile\" style=\"grid-template-columns:auto 25%\"><div class=\"wp-block-media-text__content\">\n<p class=\"has-link-color wp-elements-5024b6d898cf0fcc0a86294e82d094ee\">SKW SCHWECHATER KABELWERKE GMBH<br>Himberger Stra\u00dfe 50<br>2320 Schwechat<br><a href=\"http:\/\/www.skw.at\" data-type=\"link\" data-id=\"www.skw.at\" target=\"_blank\" rel=\"noreferrer noopener\">www.skw.at<\/a><\/p>\n<\/div><figure class=\"wp-block-media-text__media\"><img loading=\"lazy\" decoding=\"async\" width=\"150\" height=\"73\" src=\"https:\/\/etim.at\/wp-content\/uploads\/2025\/09\/schwechater_kabelwerke.png\" alt=\"\" class=\"wp-image-173 size-full\"\/><\/figure><\/div>\n\n\n\n<div class=\"wp-block-media-text has-media-on-the-right is-stacked-on-mobile\" style=\"grid-template-columns:auto 25%\"><div class=\"wp-block-media-text__content\">\n<p class=\"has-link-color wp-elements-5082bfab8ee8041606e88d8358b0e710\">Spektra LED GmbH<br>Licht- und EnergieDienstleistungen<br>Erlaug 5<br>4770 Andorf<br><a href=\"http:\/\/www.spektraled.at\" data-type=\"link\" data-id=\"www.spektraled.at\" target=\"_blank\" rel=\"noreferrer noopener\">www.spektraled.at<\/a><\/p>\n<\/div><figure class=\"wp-block-media-text__media\"><img loading=\"lazy\" decoding=\"async\" width=\"150\" height=\"71\" src=\"https:\/\/etim.at\/wp-content\/uploads\/2025\/09\/spektraled.jpg\" alt=\"\" class=\"wp-image-174 size-full\"\/><\/figure><\/div>\n\n\n\n<hr class=\"wp-block-separator has-text-color has-accent-5-color has-alpha-channel-opacity has-accent-5-background-color has-background is-style-wide\" style=\"margin-top:0;margin-bottom:0\"\/>\n\n\n\n<div class=\"wp-block-media-text has-media-on-the-right is-stacked-on-mobile\" style=\"grid-template-columns:auto 25%\"><div class=\"wp-block-media-text__content\">\n<h2 class=\"wp-block-heading has-text-color\" style=\"color:#325fa2;font-size:clamp(0.984rem, 0.984rem + ((1vw - 0.2rem) * 0.86), 1.5rem);\"><strong>Elektrogro\u00dfh\u00e4ndler<\/strong><\/h2>\n\n\n\n<p class=\"has-link-color wp-elements-e2032019be82f89eb817038bec748f21\">Gebr\u00fcder Limmert AG<br>Samergasse 30a<br>5020 Salzburg<br><a href=\"http:\/\/www.limmert.com\" data-type=\"link\" data-id=\"www.limmert.com\" target=\"_blank\" rel=\"noreferrer noopener\">www.limmert.com<\/a><\/p>\n<\/div><figure class=\"wp-block-media-text__media\"><img loading=\"lazy\" decoding=\"async\" width=\"150\" height=\"24\" src=\"https:\/\/etim.at\/wp-content\/uploads\/2025\/09\/limmert.jpg\" alt=\"\" class=\"wp-image-175 size-full\"\/><\/figure><\/div>\n\n\n\n<div class=\"wp-block-media-text has-media-on-the-right is-stacked-on-mobile\" style=\"grid-template-columns:auto 25%\"><div class=\"wp-block-media-text__content\">\n<p class=\"has-link-color wp-elements-c6e05895db12b6f13acf4926e163106c\">REXEL Austria GmbH<br>Walcherstra\u00dfe 1A \/ Objekt 6\/ Stiege 4<br>1020 Wien<br><a href=\"http:\/\/www.rexel.at\" data-type=\"link\" data-id=\"www.rexel.at\" target=\"_blank\" rel=\"noreferrer noopener\">www.rexel.at<\/a><\/p>\n<\/div><figure class=\"wp-block-media-text__media\"><img loading=\"lazy\" decoding=\"async\" width=\"150\" height=\"51\" src=\"https:\/\/etim.at\/wp-content\/uploads\/2025\/09\/rexel.jpg\" alt=\"\" class=\"wp-image-176 size-full\"\/><\/figure><\/div>\n\n\n\n<div class=\"wp-block-media-text has-media-on-the-right is-stacked-on-mobile\" style=\"grid-template-columns:auto 25%\"><div class=\"wp-block-media-text__content\">\n<p class=\"has-link-color wp-elements-3bb947d3e80022a1fef3d644b80a0744\">Sonepar \u00d6sterreich GmbH<br>Gaudenzdorfer G\u00fcrtel 67<br>1120 Wien<br><a href=\"http:\/\/www.sonepar.at\" data-type=\"link\" data-id=\"www.sonepar.at\" target=\"_blank\" rel=\"noreferrer noopener\">www.sonepar.at<\/a><\/p>\n<\/div><figure class=\"wp-block-media-text__media\"><img loading=\"lazy\" decoding=\"async\" width=\"150\" height=\"90\" src=\"https:\/\/etim.at\/wp-content\/uploads\/2025\/09\/sonepar.jpg\" alt=\"\" class=\"wp-image-177 size-full\"\/><\/figure><\/div>\n\n\n\n<hr class=\"wp-block-separator has-text-color has-accent-5-color has-alpha-channel-opacity has-accent-5-background-color has-background is-style-wide\"\/>\n\n\n\n<div class=\"wp-block-media-text has-media-on-the-right is-stacked-on-mobile\" style=\"grid-template-columns:auto 25%\"><div class=\"wp-block-media-text__content\">\n<h2 class=\"wp-block-heading has-text-color has-link-color wp-elements-92c2ac542dd02160a17af325baff90d1\" style=\"color:#325fa2;font-size:clamp(0.984rem, 0.984rem + ((1vw - 0.2rem) * 0.86), 1.5rem);\"><strong>Baustoffhandel<\/strong><\/h2>\n\n\n\n<p class=\"has-link-color wp-elements-eb9ae79d1c2a49dc12d8ec54b761a614\">Eurobau<br>inndata Datentechnik GmbH<br>Amraserstra\u00dfe 25<br>6020 Innsbruck<br><a href=\"http:\/\/www.eurobau.com\" data-type=\"link\" data-id=\"www.eurobau.com\" target=\"_blank\" rel=\"noreferrer noopener\">www.eurobau.com<\/a><\/p>\n<\/div><figure class=\"wp-block-media-text__media\"><img loading=\"lazy\" decoding=\"async\" width=\"150\" height=\"65\" src=\"https:\/\/etim.at\/wp-content\/uploads\/2025\/09\/inndata.jpg\" alt=\"\" class=\"wp-image-179 size-full\"\/><\/figure><\/div>\n\n\n\n<div class=\"wp-block-media-text has-media-on-the-right is-stacked-on-mobile\" style=\"grid-template-columns:auto 25%\"><div class=\"wp-block-media-text__content\">\n<p class=\"has-link-color wp-elements-e6ed3e47a140421545dec9d078854a2e\">hagebau<br>Handelsgesellschaft f\u00fcr Baustoffe mbH &amp; Co. KG<br>Celler Stra\u00dfe 47<br>DE-29614 Soltau<br><a href=\"http:\/\/www.hagebau.com\" data-type=\"link\" data-id=\"www.hagebau.com\" target=\"_blank\" rel=\"noreferrer noopener\">www.hagebau.com<\/a><\/p>\n<\/div><figure class=\"wp-block-media-text__media\"><img loading=\"lazy\" decoding=\"async\" width=\"150\" height=\"59\" src=\"https:\/\/etim.at\/wp-content\/uploads\/2025\/09\/hagebau.png\" alt=\"\" class=\"wp-image-178 size-full\"\/><\/figure><\/div>\n\n\n\n<div class=\"wp-block-media-text has-media-on-the-right is-stacked-on-mobile\" style=\"grid-template-columns:auto 25%\"><div class=\"wp-block-media-text__content\">\n<p class=\"has-link-color wp-elements-3df751716a3cd927f3e804df2d5963e1\">KE KELIT GmbH<br>Ignaz-Mayer-Stra\u00dfe 17<br>DE-29614 Soltau<br><a href=\"http:\/\/www.kekelit.com\" data-type=\"link\" data-id=\"www.kekelit.com\" target=\"_blank\" rel=\"noreferrer noopener\">www.kekelit.com<\/a><\/p>\n<\/div><figure class=\"wp-block-media-text__media\"><img loading=\"lazy\" decoding=\"async\" width=\"150\" height=\"45\" src=\"https:\/\/etim.at\/wp-content\/uploads\/2025\/09\/Kekelit.png\" alt=\"\" class=\"wp-image-180 size-full\"\/><\/figure><\/div>\n\n\n\n<hr class=\"wp-block-separator has-text-color has-accent-5-color has-alpha-channel-opacity has-accent-5-background-color has-background is-style-wide\"\/>\n\n\n\n<div class=\"wp-block-media-text has-media-on-the-right is-stacked-on-mobile\" style=\"grid-template-columns:auto 25%\"><div class=\"wp-block-media-text__content\">\n<h2 class=\"wp-block-heading has-text-color has-link-color wp-elements-acd10f95dd754071b79b1f139bff9765\" style=\"color:#325fa2;font-size:clamp(0.984rem, 0.984rem + ((1vw - 0.2rem) * 0.86), 1.5rem);\"><strong>Dienstleister<\/strong><\/h2>\n\n\n\n<p class=\"has-link-color wp-elements-267504f93df180bbb25afea0799a81ca\">Bundesgremium des Elektro- und Einrichtungsfachhandels<br>Wiedner Hauptstra\u00dfe 63<br>1045 Wien<br><a href=\"https:\/\/wko.at\/elektroundeinrichtungshandel\" target=\"_blank\" rel=\"noreferrer noopener\">https:\/\/wko.at\/elektroundeinrichtungshandel<\/a><\/p>\n<\/div><figure class=\"wp-block-media-text__media\"><img loading=\"lazy\" decoding=\"async\" width=\"150\" height=\"51\" src=\"https:\/\/etim.at\/wp-content\/uploads\/2025\/09\/bundesgremium_elektro_einrichtung.jpg\" alt=\"\" class=\"wp-image-181 size-full\"\/><\/figure><\/div>\n\n\n\n<div class=\"wp-block-media-text has-media-on-the-right is-stacked-on-mobile\" style=\"grid-template-columns:auto 25%\"><div class=\"wp-block-media-text__content\">\n<p class=\"has-link-color wp-elements-09da6f6d7e92b776503322e4cbbfaca6\">B&amp;B Benisch<br>Mayrh\u00f6fen 7a<br>3074 Michelbach<br><a href=\"http:\/\/www.e-procure.at\" data-type=\"link\" data-id=\"www.e-procure.at\" target=\"_blank\" rel=\"noreferrer noopener\">www.e-procure.at<\/a><\/p>\n<\/div><figure class=\"wp-block-media-text__media\"><img loading=\"lazy\" decoding=\"async\" width=\"150\" height=\"82\" src=\"https:\/\/etim.at\/wp-content\/uploads\/2025\/09\/benisch.jpg\" alt=\"\" class=\"wp-image-184 size-full\"\/><\/figure><\/div>\n\n\n\n<div class=\"wp-block-media-text has-media-on-the-right is-stacked-on-mobile\" style=\"border-style:none;border-width:0px;margin-right:0;margin-left:0;padding-right:0;padding-left:0;grid-template-columns:auto 30%\"><div class=\"wp-block-media-text__content\">\n<p class=\"has-link-color wp-elements-988d0e5af93990afdc4aa44d5a8ce999\">Elektriker \u00d6sterreich &#8211; Plattform der Elektrotechnik<br>Rautenweg 15<br>1220 Wien<br><a href=\"http:\/\/www.elektrikeroesterreich.at\" data-type=\"link\" data-id=\"www.sbs-austria.at\" target=\"_blank\" rel=\"noreferrer noopener\">www.elektrikeroesterreich.at<\/a><\/p>\n<\/div><figure class=\"wp-block-media-text__media\"><img loading=\"lazy\" decoding=\"async\" width=\"1000\" height=\"388\" src=\"https:\/\/www.etim.at\/wp-content\/uploads\/2026\/01\/Logo-Elektriker-Oe-Dachmarke.png\" alt=\"\" class=\"wp-image-439 size-full\" srcset=\"https:\/\/www.etim.at\/wp-content\/uploads\/2026\/01\/Logo-Elektriker-Oe-Dachmarke.png 1000w, https:\/\/www.etim.at\/wp-content\/uploads\/2026\/01\/Logo-Elektriker-Oe-Dachmarke-300x116.png 300w, https:\/\/www.etim.at\/wp-content\/uploads\/2026\/01\/Logo-Elektriker-Oe-Dachmarke-768x298.png 768w\" sizes=\"auto, (max-width: 1000px) 100vw, 1000px\" \/><\/figure><\/div>\n\n\n\n<div class=\"wp-block-media-text has-media-on-the-right is-stacked-on-mobile\" style=\"grid-template-columns:auto 25%\"><div class=\"wp-block-media-text__content\">\n<p class=\"has-link-color wp-elements-2cd59a6b01ba1c53cd0c4a110f4f2341\">Interessensgemeinschaft Neue Medien<br>der \u00f6sterreichischen Sanit\u00e4r- und Heizungsbranche<br>Gurkgasse 7-9<br>1140 Wien<br><a href=\"https:\/\/www.igneuemedien.at\/\" data-type=\"link\" data-id=\"www.ineuemedien.at\" target=\"_blank\" rel=\"noreferrer noopener\">www.igneuemedien.at<\/a><\/p>\n<\/div><figure class=\"wp-block-media-text__media\"><img loading=\"lazy\" decoding=\"async\" width=\"150\" height=\"80\" src=\"https:\/\/etim.at\/wp-content\/uploads\/2025\/09\/igneuemedien.png\" alt=\"\" class=\"wp-image-183 size-full\"\/><\/figure><\/div>\n\n\n\n<div class=\"wp-block-media-text has-media-on-the-right is-stacked-on-mobile\" style=\"grid-template-columns:auto 25%\"><div class=\"wp-block-media-text__content\">\n<p class=\"has-link-color wp-elements-0e6b4810b95a5acb9b9fb3b90920106b\">Ing. Markus Schillegger<br>Unternehmensberater<br>H\u00f6henstrasse 35<br>6020 Innsbruck<br><a href=\"http:\/\/www.schillegger.com\" data-type=\"link\" data-id=\"www.schillegger.com\" target=\"_blank\" rel=\"noreferrer noopener\">www.schillegger.com<\/a><\/p>\n<\/div><figure class=\"wp-block-media-text__media\"><\/figure><\/div>\n\n\n\n<div class=\"wp-block-media-text has-media-on-the-right is-stacked-on-mobile\" style=\"grid-template-columns:auto 25%\"><div class=\"wp-block-media-text__content\">\n<p class=\"has-link-color wp-elements-ade4ae5b0e3cae2fc5eea81b00f2b41c\">SBS HandelsGmbH<br>Franzosenhausweg 46<br>4030 Linz<br><a href=\"http:\/\/www.sbs-austria.at\" data-type=\"link\" data-id=\"www.sbs-austria.at\" target=\"_blank\" rel=\"noreferrer noopener\">www.sbs-austria.at<\/a><\/p>\n<\/div><figure class=\"wp-block-media-text__media\"><img loading=\"lazy\" decoding=\"async\" width=\"150\" height=\"45\" src=\"https:\/\/etim.at\/wp-content\/uploads\/2025\/09\/sbs.png\" alt=\"\" class=\"wp-image-182 size-full\"\/><\/figure><\/div>\n\n\n\n<p><\/p>\n\n\n\n<p><\/p>\n","protected":false},"excerpt":{"rendered":"<p>Hersteller und Importeure Auer Signal GmbHPerfektastrasse 1021230 Wienwww.auersignal.com Dietzel GmbH1.Haidequerstra\u00dfe 3-51110 Wienwww.dietzel.at e-term Handels GmbHFeldstrasse 116020 Innsbruckwww.e-term.at Euro Unitech Elektrotechnikges.m.b.H.Gradnerstrasse 1728054 Grazwww.eurounitech.at Legrand Austria GmbHFloridsdorfer Hauptstrasse 11210 Wienwww.legrand.at Hager Electro Ges.m.b.H.Dieselgasse 32333 Leopoldsdorf bei Wienhager.at Intercable Tools GmbHHauptstrasse 912231 Strasshofwww.intercable-tools.at Klauke Handelsges.m.b.H.Ared-Strasse 7 Top 32544 Leobersdorfwww.klauke.com MEHLER Elektrotechnik Ges.m.b.HLange Gasse 34493 Wolfernwww.mehler.at M. Schurrer &amp; [&hellip;]<\/p>\n","protected":false},"author":1,"featured_media":0,"parent":0,"menu_order":0,"comment_status":"closed","ping_status":"closed","template":"","meta":{"footnotes":""},"class_list":["post-12","page","type-page","status-publish","hentry"],"_links":{"self":[{"href":"https:\/\/www.etim.at\/index.php?rest_route=\/wp\/v2\/pages\/12","targetHints":{"allow":["GET"]}}],"collection":[{"href":"https:\/\/www.etim.at\/index.php?rest_route=\/wp\/v2\/pages"}],"about":[{"href":"https:\/\/www.etim.at\/index.php?rest_route=\/wp\/v2\/types\/page"}],"author":[{"embeddable":true,"href":"https:\/\/www.etim.at\/index.php?rest_route=\/wp\/v2\/users\/1"}],"replies":[{"embeddable":true,"href":"https:\/\/www.etim.at\/index.php?rest_route=%2Fwp%2Fv2%2Fcomments&post=12"}],"version-history":[{"count":28,"href":"https:\/\/www.etim.at\/index.php?rest_route=\/wp\/v2\/pages\/12\/revisions"}],"predecessor-version":[{"id":452,"href":"https:\/\/www.etim.at\/index.php?rest_route=\/wp\/v2\/pages\/12\/revisions\/452"}],"wp:attachment":[{"href":"https:\/\/www.etim.at\/index.php?rest_route=%2Fwp%2Fv2%2Fmedia&parent=12"}],"curies":[{"name":"wp","href":"https:\/\/api.w.org\/{rel}","templated":true}]}}