{"id":15,"date":"2024-08-30T21:50:27","date_gmt":"2024-08-30T19:50:27","guid":{"rendered":"https:\/\/etim.at\/?page_id=15"},"modified":"2025-10-01T08:15:00","modified_gmt":"2025-10-01T06:15:00","slug":"zertifizierung-bmecat","status":"publish","type":"page","link":"https:\/\/www.etim.at\/?page_id=15","title":{"rendered":"Zertifizierung BMEcat"},"content":{"rendered":"\n<p><\/p>\n\n\n\n<h3 class=\"wp-block-heading has-text-color has-link-color wp-elements-bba2f22562de7592638eb69356cbd9b6\" style=\"color:#325fa2;font-size:clamp(0.984rem, 0.984rem + ((1vw - 0.2rem) * 0.86), 1.5rem);\"><strong>Zertifizierung eines BMEcat durch ETIM Austria<\/strong><\/h3>\n\n\n\n<p style=\"font-size:clamp(0.875rem, 0.875rem + ((1vw - 0.2rem) * 0.208), 1rem);\">Die au\u00dferordentliche Generalversammlung des Vereins ETIM Austria hat am 21. Juni 2019 folgende Vorgaben f\u00fcr den Austausch von Produktdaten in \u00d6sterreich beschlossen und per 1. September 2019 in Kraft gesetzt.<\/p>\n\n\n\n<p style=\"font-size:clamp(0.875rem, 0.875rem + ((1vw - 0.2rem) * 0.208), 1rem);\">Die Einhaltung dieser Vorgaben ist Voraussetzung f\u00fcr die Zertifizierung eines BMEcat mit dem neu erstellten Logo &#8222;ETIM Austria BMEcat certified&#8220;.<\/p>\n\n\n\n<ol class=\"wp-block-list\">\n<li style=\"font-size:clamp(0.875rem, 0.875rem + ((1vw - 0.2rem) * 0.208), 1rem);\">BMEcat 2005<\/li>\n\n\n\n<li style=\"font-size:clamp(0.875rem, 0.875rem + ((1vw - 0.2rem) * 0.208), 1rem);\">ETIM-Versionen:<br>a. ETIM 6.0 mit Feldern entsprechend Leitfaden 3.1 oder<br>b. ETIM 7.0 mit Feldern entsprechend Leitfaden 4.0<br>c. ETIM 6.0 und ETIM 7.0 (beide Releases f\u00fcr alle Produkte) mit Feldern entsprechend<br>Leitfaden 3.1 oder 4.0<br>d. Bei den einzelnen Produkten unterschiedliche ETIM-Releases anzugeben ist nicht<br>zul\u00e4ssig<\/li>\n\n\n\n<li style=\"font-size:clamp(0.875rem, 0.875rem + ((1vw - 0.2rem) * 0.208), 1rem);\">G\u00fcltigkeit des Kataloges: AT<\/li>\n\n\n\n<li style=\"font-size:clamp(0.875rem, 0.875rem + ((1vw - 0.2rem) * 0.208), 1rem);\">F\u00fcr \u00d6sterreich verpflichtende Felder m\u00fcssen bef\u00fcllt sein<\/li>\n\n\n\n<li style=\"font-size:clamp(0.875rem, 0.875rem + ((1vw - 0.2rem) * 0.208), 1rem);\">Die Referenz auf zumindest ein Bild jedes Produktes mu\u00df einem gesondert zu \u00fcbermittelnden<br>Dokument entsprechen (ausschlie\u00dflich Links sind nicht zul\u00e4ssig)<\/li>\n\n\n\n<li style=\"font-size:clamp(0.875rem, 0.875rem + ((1vw - 0.2rem) * 0.208), 1rem);\">Alle genutzten Verpackungen sollen beinhaltet sein<\/li>\n\n\n\n<li style=\"font-size:clamp(0.875rem, 0.875rem + ((1vw - 0.2rem) * 0.208), 1rem);\">Der Langtext darf keine Formatierungen, Sonderzeichen bzw. Zeilenschaltungen beinhalten<\/li>\n\n\n\n<li style=\"font-size:clamp(0.875rem, 0.875rem + ((1vw - 0.2rem) * 0.208), 1rem);\">\u00c4nderungskataloge (bzw. neue Produkte, neue Preise) d\u00fcrfen nur nach Zustimmung<br>des empfangenden Gro\u00dfh\u00e4ndlers \u00fcbermittelt werden und m\u00fcssen den Vorgaben des<br>Leitfadens entsprechen<\/li>\n\n\n\n<li style=\"font-size:clamp(0.875rem, 0.875rem + ((1vw - 0.2rem) * 0.208), 1rem);\">F\u00fcr H\u00e4ndler\/Importeure ist die \u00dcbermittlung von Herstellerkonformen Katalogen zul\u00e4ssig<\/li>\n\n\n\n<li style=\"font-size:clamp(0.875rem, 0.875rem + ((1vw - 0.2rem) * 0.208), 1rem);\">Im BMEcat sollen nur die Listenpreise der Produkte enthalten sein<br><\/li>\n<\/ol>\n\n\n\n<h4 class=\"wp-block-heading has-link-color wp-elements-95e6cf4df329e252039a2e9b6c129992\" style=\"font-size:clamp(0.875rem, 0.875rem + ((1vw - 0.2rem) * 0.708), 1.3rem);\"><a href=\"https:\/\/etim.at\/wp-content\/uploads\/2025\/01\/Bedingungen_fuer_BMEcat_20190901nL.pdf\" data-type=\"link\" data-id=\"https:\/\/etim.at\/wp-content\/uploads\/2025\/01\/Bedingungen_fuer_BMEcat_20190901nL.pdf\" target=\"_blank\" rel=\"noreferrer noopener\">Bedingungen als PDF-Datei downloaden<\/a><\/h4>\n\n\n\n<p><\/p>\n","protected":false},"excerpt":{"rendered":"<p>Zertifizierung eines BMEcat durch ETIM Austria Die au\u00dferordentliche Generalversammlung des Vereins ETIM Austria hat am 21. Juni 2019 folgende Vorgaben f\u00fcr den Austausch von Produktdaten in \u00d6sterreich beschlossen und per 1. September 2019 in Kraft gesetzt. Die Einhaltung dieser Vorgaben ist Voraussetzung f\u00fcr die Zertifizierung eines BMEcat mit dem neu erstellten Logo &#8222;ETIM Austria BMEcat [&hellip;]<\/p>\n","protected":false},"author":1,"featured_media":0,"parent":0,"menu_order":0,"comment_status":"closed","ping_status":"closed","template":"","meta":{"footnotes":""},"class_list":["post-15","page","type-page","status-publish","hentry"],"_links":{"self":[{"href":"https:\/\/www.etim.at\/index.php?rest_route=\/wp\/v2\/pages\/15","targetHints":{"allow":["GET"]}}],"collection":[{"href":"https:\/\/www.etim.at\/index.php?rest_route=\/wp\/v2\/pages"}],"about":[{"href":"https:\/\/www.etim.at\/index.php?rest_route=\/wp\/v2\/types\/page"}],"author":[{"embeddable":true,"href":"https:\/\/www.etim.at\/index.php?rest_route=\/wp\/v2\/users\/1"}],"replies":[{"embeddable":true,"href":"https:\/\/www.etim.at\/index.php?rest_route=%2Fwp%2Fv2%2Fcomments&post=15"}],"version-history":[{"count":12,"href":"https:\/\/www.etim.at\/index.php?rest_route=\/wp\/v2\/pages\/15\/revisions"}],"predecessor-version":[{"id":310,"href":"https:\/\/www.etim.at\/index.php?rest_route=\/wp\/v2\/pages\/15\/revisions\/310"}],"wp:attachment":[{"href":"https:\/\/www.etim.at\/index.php?rest_route=%2Fwp%2Fv2%2Fmedia&parent=15"}],"curies":[{"name":"wp","href":"https:\/\/api.w.org\/{rel}","templated":true}]}}