{"id":16,"date":"2024-08-30T21:50:27","date_gmt":"2024-08-30T19:50:27","guid":{"rendered":"https:\/\/etim.at\/?page_id=16"},"modified":"2026-04-07T15:33:03","modified_gmt":"2026-04-07T13:33:03","slug":"kontakt","status":"publish","type":"page","link":"https:\/\/www.etim.at\/?page_id=16","title":{"rendered":"Impressum\/Kontakt"},"content":{"rendered":"\n<p style=\"padding-top:0;padding-bottom:0\"><br><\/p>\n\n\n\n<h3 class=\"wp-block-heading has-text-align-left has-text-color has-link-color wp-elements-ab1ee6004ee7a8ed800748db998fdb3e\" style=\"color:#325fa2;font-size:clamp(0.984rem, 0.984rem + ((1vw - 0.2rem) * 0.86), 1.5rem);\"><br><strong>ETIM Austria (Interessensgemeinschaft f\u00fcr den Klassifizierungsstandard ETIM)<\/strong><\/h3>\n\n\n\n<p>Rautenweg 15<br>1220 Wien<\/p>\n\n\n\n<p class=\"has-link-color wp-elements-3c1f97e4244d56ac56eb0686d83ed448\">E-Mail: \n<span id=\"mail7\"><\/span>\n<script>\ndocument.getElementById(\"mail7\").innerHTML =\n  '<a href=\"mailto:' + 'info' + '@' + 'etim.at' + '\">Email<\/a>';\n<\/script>\n<\/p>\n\n\n\n<p>ZVR-Nr.: 073801095<\/p>\n\n\n\n<p class=\"has-text-align-left\">Obmann: Peter Benisch<br>Obmann-Stellvertreter Bereich Elektro: Ing. Stefan Scholl<br>Obmann-Stellvertreter Bereich HKLS: Ing. Harald Strobl, MBA<br>Kassier: Ing. Harald Strobl, MBA<br>Schriftf\u00fchrer: <\/p>\n\n\n\n<h4 class=\"wp-block-heading has-text-color\" style=\"color:#325fa2\"><strong>Compliance-Regeln<\/strong><\/h4>\n\n\n\n<p class=\"has-link-color wp-elements-bc4076c7819aa80442fe349086233817\">Unsere Compliance-Regeln <a href=\"https:\/\/etim.at\/wp-content\/uploads\/2025\/01\/Compliance_ETIM_Austria_20190903nL.pdf\" data-type=\"link\" data-id=\"https:\/\/etim.at\/wp-content\/uploads\/2025\/01\/Compliance_ETIM_Austria_20190903nL.pdf\" target=\"_blank\" rel=\"noreferrer noopener\">hier zum Download<\/a><\/p>\n\n\n\n<h4 class=\"wp-block-heading has-text-color has-link-color wp-elements-0439a92116933740495ae9c3ba9848a5\" style=\"color:#325fa2\"><strong>Copyright<\/strong><\/h4>\n\n\n\n<p>S\u00e4mtliche Texte, Bilder und andere auf den Internetseiten ver\u00f6ffentlichten Werke unterliegen &#8211; sofern nicht anders gekennzeichnet &#8211; dem Copyright der ETIM Austria. Jede Vervielf\u00e4ltigung, Verbreitung, Speicherung, \u00dcbermittlung, Sendung und Wieder- bzw. Weitergabe der Inhalte ist ohne schriftliche Genehmigung ausdr\u00fccklich untersagt.<\/p>\n\n\n\n<h4 class=\"wp-block-heading has-text-color has-link-color wp-elements-0d403462fbefbae1c42ac6b32089f211\" style=\"color:#325fa2\"><strong>Haftungshinweis<\/strong><\/h4>\n\n\n\n<p>Der Inhalt der Internetseiten ist mit gro\u00dfer Sorgfalt zusammengestellt und wird st\u00e4ndig aktualisiert. Die Angaben dienen dennoch nur der unverbindlichen, allgemeinen Information und ersetzen nicht die eingehende individuelle Beratung. Der Verein ETIM Austria \u00fcbernimmt keine Gew\u00e4hr f\u00fcr die Aktualit\u00e4t, Richtigkeit und Vollst\u00e4ndigkeit der Informationen auf diesen Seiten oder den jederzeitigen st\u00f6rungsfreien Zugang. Wenn ETIM Austria auf Internetseiten Dritter verweist (Links), \u00fcbernimmt ETIM Austria.&nbsp; keine Verantwortung f\u00fcr die Inhalte der verlinkten Seiten. Mit dem Bet\u00e4tigen des Verweises verlassen Sie das Informationsangebot von ETIM Austria.&nbsp; F\u00fcr die Angebote Dritter k\u00f6nnen daher abweichende Regelungen gelten, insbesondere hinsichtlich des Datenschutzes.<br>Online-Streitbeilegung<\/p>\n\n\n\n<h4 class=\"wp-block-heading has-text-color has-link-color wp-elements-7b9b7e7907022e1e94c1892384d1bcc7\" style=\"color:#325fa2\"><strong>Online-Streitbeilegung<\/strong><\/h4>\n\n\n\n<p class=\"has-link-color wp-elements-f922508d7ab91d0e487031f3cd2ecd75\">Die Europ\u00e4ische Kommission stellt unter&nbsp;<a href=\"https:\/\/consumer-redress.ec.europa.eu\/index_de\" target=\"_blank\" rel=\"noreferrer noopener\">ec.europa.eu\/consumers\/odr\/<\/a> eine Plattform zur Online-Streitbeilegung bereit, die Verbraucher f\u00fcr die Beilegung einer Streitigkeit nutzen k\u00f6nnen und auf der weitere Informationen zum Thema Streitschlichtung zu finden sind.<\/p>\n\n\n\n<h4 class=\"wp-block-heading has-text-color has-link-color wp-elements-f7b7ec8fd0a56071399cbe42f36e1e58\" style=\"color:#325fa2\"><strong>Au\u00dfergerichtliche Streitbeilegung<\/strong><\/h4>\n\n\n\n<p>Wir sind weder verpflichtet noch dazu bereit, im Falle einer Streitigkeit mit einem Verbraucher an einem Streitbeilegungsverfahren vor einer Verbraucherschlichtungsstelle teilzunehmen.<\/p>\n\n\n\n<p><\/p>\n","protected":false},"excerpt":{"rendered":"<p>ETIM Austria (Interessensgemeinschaft f\u00fcr den Klassifizierungsstandard ETIM) Rautenweg 151220 Wien E-Mail: ZVR-Nr.: 073801095 Obmann: Peter BenischObmann-Stellvertreter Bereich Elektro: Ing. Stefan SchollObmann-Stellvertreter Bereich HKLS: Ing. Harald Strobl, MBAKassier: Ing. Harald Strobl, MBASchriftf\u00fchrer: Compliance-Regeln Unsere Compliance-Regeln hier zum Download Copyright S\u00e4mtliche Texte, Bilder und andere auf den Internetseiten ver\u00f6ffentlichten Werke unterliegen &#8211; sofern nicht anders gekennzeichnet &#8211; [&hellip;]<\/p>\n","protected":false},"author":1,"featured_media":0,"parent":0,"menu_order":0,"comment_status":"closed","ping_status":"closed","template":"","meta":{"footnotes":""},"class_list":["post-16","page","type-page","status-publish","hentry"],"_links":{"self":[{"href":"https:\/\/www.etim.at\/index.php?rest_route=\/wp\/v2\/pages\/16","targetHints":{"allow":["GET"]}}],"collection":[{"href":"https:\/\/www.etim.at\/index.php?rest_route=\/wp\/v2\/pages"}],"about":[{"href":"https:\/\/www.etim.at\/index.php?rest_route=\/wp\/v2\/types\/page"}],"author":[{"embeddable":true,"href":"https:\/\/www.etim.at\/index.php?rest_route=\/wp\/v2\/users\/1"}],"replies":[{"embeddable":true,"href":"https:\/\/www.etim.at\/index.php?rest_route=%2Fwp%2Fv2%2Fcomments&post=16"}],"version-history":[{"count":24,"href":"https:\/\/www.etim.at\/index.php?rest_route=\/wp\/v2\/pages\/16\/revisions"}],"predecessor-version":[{"id":481,"href":"https:\/\/www.etim.at\/index.php?rest_route=\/wp\/v2\/pages\/16\/revisions\/481"}],"wp:attachment":[{"href":"https:\/\/www.etim.at\/index.php?rest_route=%2Fwp%2Fv2%2Fmedia&parent=16"}],"curies":[{"name":"wp","href":"https:\/\/api.w.org\/{rel}","templated":true}]}}