{"id":216,"date":"2025-09-19T08:45:03","date_gmt":"2025-09-19T06:45:03","guid":{"rendered":"https:\/\/etim.at\/?page_id=216"},"modified":"2025-09-19T08:45:03","modified_gmt":"2025-09-19T06:45:03","slug":"vorteile-der-mitgliedschaft","status":"publish","type":"page","link":"https:\/\/www.etim.at\/?page_id=216","title":{"rendered":"Vorteile der Mitgliedschaft"},"content":{"rendered":"\n<h2 class=\"wp-block-heading has-text-color has-link-color wp-elements-4bb00e47bf22a017b4f25644c59153ca\" style=\"color:#325fa2;font-size:clamp(0.984rem, 0.984rem + ((1vw - 0.2rem) * 0.86), 1.5rem);\"><strong>Gemeinsam mehr erreichen<\/strong><\/h2>\n\n\n\n<p style=\"font-size:clamp(0.875rem, 0.875rem + ((1vw - 0.2rem) * 0.208), 1rem);\">Mitglied bei ETIM Austria \u2013 das hei\u00dft, sich aktiv f\u00fcr den Standard einsetzen und Nutzen f\u00fcr das eigene Unternehmen ziehen:<\/p>\n\n\n\n<ul class=\"wp-block-list\">\n<li style=\"font-size:clamp(0.875rem, 0.875rem + ((1vw - 0.2rem) * 0.208), 1rem);\">Sie sorgen mit Ihrer Stimme und mit Ihrem Engagement daf\u00fcr, dass ETIM der Standard f\u00fcr die Elektrobranche in \u00d6sterreich bleibt und in ganz Europa wird. Eine Mitgliedschaft sichert somit direkt die im Umfeld der Klassifikation get\u00e4tigten Investitionen auf lange Zeit.<\/li>\n\n\n\n<li style=\"font-size:clamp(0.875rem, 0.875rem + ((1vw - 0.2rem) * 0.208), 1rem);\">Sie tragen mit Ihrem finanziellen Beitrag aktiv zur Weiterentwicklung des Klassifikationsstandards bei.<\/li>\n\n\n\n<li style=\"font-size:clamp(0.875rem, 0.875rem + ((1vw - 0.2rem) * 0.208), 1rem);\">Sie treffen auf Gleichgesinnte aus Industrie, Handel und Handwerk, die wie Sie gro\u00dfen Nutzen und wirtschaftlichen Erfolg im Einsatz von Standards sehen.<\/li>\n\n\n\n<li style=\"font-size:clamp(0.875rem, 0.875rem + ((1vw - 0.2rem) * 0.208), 1rem);\">Sie k\u00f6nnen in Fachaussch\u00fcssen und Arbeitskreisen aktiv an einer evtl. noch m\u00f6glichen Optimierung mitarbeiten. Dies ist zum Beispiel sinnvoll, wenn die von Ihnen hergestellten Produkte noch nicht oder nicht ausreichend klassifiziert sind.<\/li>\n\n\n\n<li style=\"font-size:clamp(0.875rem, 0.875rem + ((1vw - 0.2rem) * 0.208), 1rem);\">Sie haben direkten Zugriff auf Experten-Know-how rund um die Themen Standardisierung, Datenmanagement und optimierte IT-Prozesse.<\/li>\n\n\n\n<li style=\"font-size:clamp(0.875rem, 0.875rem + ((1vw - 0.2rem) * 0.208), 1rem);\">Sie haben Zugang zu weiteren Fremdsprachversionen.<\/li>\n\n\n\n<li style=\"font-size:clamp(0.875rem, 0.875rem + ((1vw - 0.2rem) * 0.208), 1rem);\">Sie haben Zugang zu Vergleichstabellen unterschiedlicher Versionsst\u00e4nde, die Ihnen bei der Klassifikation helfen.<\/li>\n<\/ul>\n\n\n\n<p><\/p>\n","protected":false},"excerpt":{"rendered":"<p>Gemeinsam mehr erreichen Mitglied bei ETIM Austria \u2013 das hei\u00dft, sich aktiv f\u00fcr den Standard einsetzen und Nutzen f\u00fcr das eigene Unternehmen ziehen:<\/p>\n","protected":false},"author":1,"featured_media":0,"parent":0,"menu_order":0,"comment_status":"closed","ping_status":"closed","template":"","meta":{"footnotes":""},"class_list":["post-216","page","type-page","status-publish","hentry"],"_links":{"self":[{"href":"https:\/\/www.etim.at\/index.php?rest_route=\/wp\/v2\/pages\/216","targetHints":{"allow":["GET"]}}],"collection":[{"href":"https:\/\/www.etim.at\/index.php?rest_route=\/wp\/v2\/pages"}],"about":[{"href":"https:\/\/www.etim.at\/index.php?rest_route=\/wp\/v2\/types\/page"}],"author":[{"embeddable":true,"href":"https:\/\/www.etim.at\/index.php?rest_route=\/wp\/v2\/users\/1"}],"replies":[{"embeddable":true,"href":"https:\/\/www.etim.at\/index.php?rest_route=%2Fwp%2Fv2%2Fcomments&post=216"}],"version-history":[{"count":1,"href":"https:\/\/www.etim.at\/index.php?rest_route=\/wp\/v2\/pages\/216\/revisions"}],"predecessor-version":[{"id":217,"href":"https:\/\/www.etim.at\/index.php?rest_route=\/wp\/v2\/pages\/216\/revisions\/217"}],"wp:attachment":[{"href":"https:\/\/www.etim.at\/index.php?rest_route=%2Fwp%2Fv2%2Fmedia&parent=216"}],"curies":[{"name":"wp","href":"https:\/\/api.w.org\/{rel}","templated":true}]}}