{"id":221,"date":"2025-09-19T08:56:45","date_gmt":"2025-09-19T06:56:45","guid":{"rendered":"https:\/\/etim.at\/?page_id=221"},"modified":"2025-09-19T08:56:45","modified_gmt":"2025-09-19T06:56:45","slug":"arten-der-mitgliedschaft","status":"publish","type":"page","link":"https:\/\/www.etim.at\/?page_id=221","title":{"rendered":"Arten der Mitgliedschaft"},"content":{"rendered":"\n<h2 class=\"wp-block-heading has-text-color has-link-color wp-elements-f4c730c550935b75401ac60e5bb5c7be\" style=\"color:#325fa2;font-size:clamp(0.984rem, 0.984rem + ((1vw - 0.2rem) * 0.86), 1.5rem);\"><strong>Folgende Mitgliedschaftsmodelle stehen zur Auswahl:<br><\/strong><\/h2>\n\n\n\n<ol class=\"wp-block-list\">\n<li><strong>Ordentliches Mitglied<\/strong><br><br>Ordentliches Mitglied kann jede nat\u00fcrliche oder juristische Person werden, die in den Wirtschaftsstufen\u00a0Industrie, Handel oder Handwerk des Fachbereiches Elektro t\u00e4tig ist, sich zu den Zielen von ETIM bekennt und bereit ist,\u00a0diese durch aktive Mitarbeit zu f\u00f6rdern. Ordentliche Mitglieder besitzen das aktive und passive Wahlrecht zum Vorstand.<br><\/li>\n\n\n\n<li><strong>F\u00f6rderndes Mitglied<\/strong><br><br>F\u00f6rderndes Mitglied\u00a0kann jede nat\u00fcrliche oder juristische Person werden, die in den Wirtschaftsstufen\u00a0Handwerk, IT-Dienstleister, Verb\u00e4nde t\u00e4tig ist sowie sonstige f\u00f6rdernde Personen,\u00a0die die\u00a0Ziele von ETIM bejahen und unterst\u00fctzen und die Dienstleistungen von ETIM f\u00fcr sich pers\u00f6nlich oder f\u00fcr ihr Unternehmen in Anspruch nehmen m\u00f6chte. F\u00f6rdernde Mitglieder nehmen an den Mitgliederversammlungen mit beratender Stimme teil und haben das passive Wahlrecht zum Vorstand.<\/li>\n<\/ol>\n\n\n\n<p><\/p>\n","protected":false},"excerpt":{"rendered":"<p>Folgende Mitgliedschaftsmodelle stehen zur Auswahl:<\/p>\n","protected":false},"author":1,"featured_media":0,"parent":0,"menu_order":0,"comment_status":"closed","ping_status":"closed","template":"","meta":{"footnotes":""},"class_list":["post-221","page","type-page","status-publish","hentry"],"_links":{"self":[{"href":"https:\/\/www.etim.at\/index.php?rest_route=\/wp\/v2\/pages\/221","targetHints":{"allow":["GET"]}}],"collection":[{"href":"https:\/\/www.etim.at\/index.php?rest_route=\/wp\/v2\/pages"}],"about":[{"href":"https:\/\/www.etim.at\/index.php?rest_route=\/wp\/v2\/types\/page"}],"author":[{"embeddable":true,"href":"https:\/\/www.etim.at\/index.php?rest_route=\/wp\/v2\/users\/1"}],"replies":[{"embeddable":true,"href":"https:\/\/www.etim.at\/index.php?rest_route=%2Fwp%2Fv2%2Fcomments&post=221"}],"version-history":[{"count":1,"href":"https:\/\/www.etim.at\/index.php?rest_route=\/wp\/v2\/pages\/221\/revisions"}],"predecessor-version":[{"id":222,"href":"https:\/\/www.etim.at\/index.php?rest_route=\/wp\/v2\/pages\/221\/revisions\/222"}],"wp:attachment":[{"href":"https:\/\/www.etim.at\/index.php?rest_route=%2Fwp%2Fv2%2Fmedia&parent=221"}],"curies":[{"name":"wp","href":"https:\/\/api.w.org\/{rel}","templated":true}]}}