{"id":224,"date":"2025-09-19T08:59:40","date_gmt":"2025-09-19T06:59:40","guid":{"rendered":"https:\/\/etim.at\/?page_id=224"},"modified":"2026-04-04T21:18:36","modified_gmt":"2026-04-04T19:18:36","slug":"der-vorstand","status":"publish","type":"page","link":"https:\/\/www.etim.at\/?page_id=224","title":{"rendered":"Der Vorstand"},"content":{"rendered":"\n<h2 class=\"wp-block-heading has-text-color has-link-color wp-elements-e7dbbe7c209a5bf647ae7f8b5f0bddde\" style=\"color:#325fa2;padding-right:0;padding-left:0;font-size:clamp(0.984rem, 0.984rem + ((1vw - 0.2rem) * 0.86), 1.5rem);\"><strong>Der Vorstand<\/strong><\/h2>\n\n\n\n<p>Der von der Mitgliederversammlung am 29.01.2026 gew\u00e4hlte Vorstand vertritt den Verein nach au\u00dfen:<\/p>\n\n\n\n<p style=\"padding-right:0;padding-left:0\"><strong>Obmann: <\/strong><br>Peter Benisch (\n<span id=\"mail1\"><\/span>\n<script>\ndocument.getElementById(\"mail1\").innerHTML =\n  '<a href=\"mailto:' + 'obmann' + '@' + 'etim.at' + '\">Email<\/a>';\n<\/script>\n)<\/p>\n\n\n\n<p style=\"border-style:none;border-width:0px;margin-right:0;margin-left:0;padding-right:0;padding-left:0\"><strong>Obmann-Stellvertreter Bereich Elektro: <\/strong><br>Ing. Stefan Scholl (<span id=\"mail3\"><\/span><script>\ndocument.getElementById(\"mail3\").innerHTML =\n  '<a href=\"mailto:' + 'obmann-stv_elektro' + '@' + 'etim.at' + '\">Email<\/a>';\n<\/script>)<\/p>\n\n\n\n<p><strong>Obmann-Stellvertreter Bereich HKLS: <\/strong><br>Ing. Harald Strobl, MBA (\n<span id=\"mail4\"><\/span>\n<script>\ndocument.getElementById(\"mail4\").innerHTML =\n  '<a href=\"mailto:' + 'obmann-stv_hkls' + '@' + 'etim.at' + '\">Email<\/a>';\n<\/script>\n)<\/p>\n\n\n\n<p><strong>Kassier: <\/strong><br>Ing. Harald Strobl, MBA (\n<span id=\"mail5\"><\/span>\n<script>\ndocument.getElementById(\"mail5\").innerHTML =\n  '<a href=\"mailto:' + 'kassier' + '@' + 'etim.at' + '\">Email<\/a>';\n<\/script>\n)<\/p>\n\n\n\n<p><strong>Schriftf\u00fchrer: <\/strong><br><\/p>\n\n\n\n<p><\/p>\n\n\n\n<p><\/p>\n\n\n\n<p><\/p>\n\n\n\n<h2 class=\"wp-block-heading has-text-color has-link-color wp-elements-7e845645b5d275ab339f949cf110ef10\" style=\"color:#005a8c;font-size:clamp(0.984rem, 0.984rem + ((1vw - 0.2rem) * 0.86), 1.5rem);\"><strong>Arbeitskreis Struktur und Technik<\/strong><\/h2>\n\n\n\n<p>Im Arbeitskreis Struktur und Technik wird in erster Linie der &#8222;Leitfaden zum Produktdatenaustausch&#8220; gem\u00e4\u00df den aktuellen Bed\u00fcrfnissen des Elektrogro\u00dfhandels sowie der Hersteller weiterentwickelt. Jedes ETIM-Mitglied kann \u00c4nderungsw\u00fcnsche einbringen und an Sitzungen teilnehmen. Au\u00dferdem befasst sich der Arbeitskreis mit fachausschuss\u00fcbergreifenden Themen, wie z.B. grunds\u00e4tzlichen \u00c4nderungen am Datenmodell, welche dann weitergehend mit dem Technical Committee ETIM International abgestimmt werden.<\/p>\n\n\n\n<p><\/p>\n","protected":false},"excerpt":{"rendered":"<p>Der Vorstand Der von der Mitgliederversammlung am 29.01.2026 gew\u00e4hlte Vorstand vertritt den Verein nach au\u00dfen: Obmann: Peter Benisch ( ) Obmann-Stellvertreter Bereich Elektro: Ing. Stefan Scholl () Obmann-Stellvertreter Bereich HKLS: Ing. Harald Strobl, MBA ( ) Kassier: Ing. Harald Strobl, MBA ( ) Schriftf\u00fchrer: Arbeitskreis Struktur und Technik Im Arbeitskreis Struktur und Technik wird in [&hellip;]<\/p>\n","protected":false},"author":1,"featured_media":0,"parent":0,"menu_order":0,"comment_status":"closed","ping_status":"closed","template":"","meta":{"footnotes":""},"class_list":["post-224","page","type-page","status-publish","hentry"],"_links":{"self":[{"href":"https:\/\/www.etim.at\/index.php?rest_route=\/wp\/v2\/pages\/224","targetHints":{"allow":["GET"]}}],"collection":[{"href":"https:\/\/www.etim.at\/index.php?rest_route=\/wp\/v2\/pages"}],"about":[{"href":"https:\/\/www.etim.at\/index.php?rest_route=\/wp\/v2\/types\/page"}],"author":[{"embeddable":true,"href":"https:\/\/www.etim.at\/index.php?rest_route=\/wp\/v2\/users\/1"}],"replies":[{"embeddable":true,"href":"https:\/\/www.etim.at\/index.php?rest_route=%2Fwp%2Fv2%2Fcomments&post=224"}],"version-history":[{"count":16,"href":"https:\/\/www.etim.at\/index.php?rest_route=\/wp\/v2\/pages\/224\/revisions"}],"predecessor-version":[{"id":479,"href":"https:\/\/www.etim.at\/index.php?rest_route=\/wp\/v2\/pages\/224\/revisions\/479"}],"wp:attachment":[{"href":"https:\/\/www.etim.at\/index.php?rest_route=%2Fwp%2Fv2%2Fmedia&parent=224"}],"curies":[{"name":"wp","href":"https:\/\/api.w.org\/{rel}","templated":true}]}}