{"id":233,"date":"2025-09-19T11:05:14","date_gmt":"2025-09-19T09:05:14","guid":{"rendered":"https:\/\/etim.at\/?page_id=233"},"modified":"2025-09-19T11:32:49","modified_gmt":"2025-09-19T09:32:49","slug":"darum-etim","status":"publish","type":"page","link":"https:\/\/www.etim.at\/?page_id=233","title":{"rendered":"Ihr Nutzen durch ETIM"},"content":{"rendered":"\n<h2 class=\"wp-block-heading has-text-color\" style=\"color:#325fa2;font-size:clamp(0.984rem, 0.984rem + ((1vw - 0.2rem) * 0.86), 1.5rem);\"><strong>ETIM-Nutzer haben es leichter \u2013 in der Zusammenarbeit mit dem Handel, im Vertrieb, bei den eigenen IT- und Gesch\u00e4ftsprozessen<\/strong><\/h2>\n\n\n\n<p><\/p>\n\n\n\n<h2 class=\"wp-block-heading has-text-color has-link-color wp-elements-ce069d0e680f57ac339047dbed2d7426\" style=\"color:#325fa2;font-size:clamp(0.984rem, 0.984rem + ((1vw - 0.2rem) * 0.86), 1.5rem);\"><strong>Dem Datenwirrwarr ein Ende<\/strong><\/h2>\n\n\n\n<p style=\"font-size:clamp(0.875rem, 0.875rem + ((1vw - 0.2rem) * 0.208), 1rem);\">Mit ETIM nutzen alle Beteiligten in der Elektroindustrie dieselbe Produkt- und Katalogdatenbasis. Weil der Aufbau und die Beschreibungsstruktur gleich sind, entfallen alle bisher notwendigen, in der Regel aufw\u00e4ndigen Datenformatierungen und -anpassungen.<\/p>\n\n\n\n<p style=\"font-size:clamp(0.875rem, 0.875rem + ((1vw - 0.2rem) * 0.208), 1rem);\">Schneller und reibungsloser war Datenaustausch zwischen Hersteller und Handel noch nie!<\/p>\n\n\n\n<h2 class=\"wp-block-heading has-text-color has-link-color wp-elements-e06abfef69e9a0dc3b6a416b32ddf9b1\" style=\"color:#325fa2;font-size:clamp(0.984rem, 0.984rem + ((1vw - 0.2rem) * 0.86), 1.5rem);\"><strong>Der Standard der Elektrobranche<\/strong><\/h2>\n\n\n\n<p style=\"font-size:clamp(0.875rem, 0.875rem + ((1vw - 0.2rem) * 0.208), 1rem);\">Unabh\u00e4ngig, ob Schalter, Leuchte oder Kabel \u2013praktisch kein im Elektrohandel existierender<br>Artikel, der nicht von Branchenexperten bewertet und exakt beschrieben werden kann.<\/p>\n\n\n\n<p style=\"font-size:clamp(0.875rem, 0.875rem + ((1vw - 0.2rem) * 0.208), 1rem);\">Die Beschreibungen sind zuk\u00fcnftig auch fester Bestandteil des industrie\u00fcbergreifenden<br>Klassifizierungsstandards eCl@ss.<\/p>\n\n\n\n<p><\/p>\n\n\n\n<h2 class=\"wp-block-heading has-text-color has-link-color wp-elements-3a059065b089fbc3882469e8e4c33b26\" style=\"color:#325fa2;font-size:clamp(0.984rem, 0.984rem + ((1vw - 0.2rem) * 0.86), 1.5rem);\"><strong>Aktive Verkaufsf\u00f6rderung<\/strong><\/h2>\n\n\n\n<p style=\"font-size:clamp(0.875rem, 0.875rem + ((1vw - 0.2rem) * 0.208), 1rem);\">Hersteller, die ihr gesamtes Sortiment im ETIM-Format liefern, unterst\u00fctzen aktiv ihren Vertriebserfolg beim Gro\u00dfhandel. Bekommt dieser standardisierte und klassifizierte Daten,<br>kann er sie mit gutem Gewissen in seine medienneutrale Datenbank einspeisen und<br>immer wieder f\u00fcr Online-Shops oder die Katalogerstellung verwenden. Gibt es also eine<br>bessere Chance, das gesamte Sortiment beim H\u00e4ndler zu platzieren?<\/p>\n\n\n\n<p><\/p>\n\n\n\n<h2 class=\"wp-block-heading has-text-color has-link-color wp-elements-1b986deacc39a7f22891a9e32f1af209\" style=\"color:#325fa2;font-size:clamp(0.984rem, 0.984rem + ((1vw - 0.2rem) * 0.86), 1.5rem);\"><strong>Deutliche Kosteneinsparung in allen Handelsstufen<\/strong><\/h2>\n\n\n\n<p style=\"font-size:clamp(0.875rem, 0.875rem + ((1vw - 0.2rem) * 0.208), 1rem);\">Mit ETIM reduziert sich der Kommunikationsaufwand auf ein Minimum.<br>Langwierige und teure Abstimmungen \u00fcber Kataloginhalte und Produktdarstellungen<br>entfallen \u2013 nur wenige Klicks und der H\u00e4ndler kann die Katalogerstellung abschlie\u00dfen.<br>Kommt es zu einem Update, reicht ein Mausklick aus und der neue Datensatz<br>wird direkt in die Datenbank \u00fcbernommen. Kaum eine Prozess-Verbesserung hilft mehr<br>gegen Margenverfall und Kostendruck.<\/p>\n\n\n\n<p><\/p>\n\n\n\n<h2 class=\"wp-block-heading has-text-color has-link-color wp-elements-48639636adbe6886667d573d70aeacab\" style=\"color:#325fa2;font-size:clamp(0.984rem, 0.984rem + ((1vw - 0.2rem) * 0.86), 1.5rem);\"><strong>Internes Datenmanagement immer auf dem aktuellen Stand<\/strong><\/h2>\n\n\n\n<p style=\"font-size:clamp(0.875rem, 0.875rem + ((1vw - 0.2rem) * 0.208), 1rem);\">ETIM-Daten sind die ideale Basis f\u00fcr optimale IT-Prozesse und -Strukturen im eigenen Unternehmen. Nicht nur, dass Handelspartner mit wenigen Mausklicks versorgt sind, nach einer<br>Klassifizierung sind auch Dubletten und Datenleichen endlich entsorgt. Und nicht nur das: Wie beim H\u00e4ndler auch, lassen sich ETIM-Daten optimal f\u00fcr eigene eCommerce und<br>Online-Aktivit\u00e4ten nutzen.<\/p>\n\n\n\n<p><\/p>\n\n\n\n<h2 class=\"wp-block-heading has-text-color has-link-color wp-elements-cfa3dafae5db7c92129c248b51dfe21f\" style=\"color:#325fa2;font-size:clamp(0.984rem, 0.984rem + ((1vw - 0.2rem) * 0.86), 1.5rem);\"><strong>Investitionssicherheit<\/strong><\/h2>\n\n\n\n<p style=\"font-size:clamp(0.875rem, 0.875rem + ((1vw - 0.2rem) * 0.208), 1rem);\">Weil ETIM national und international seit Jahren aktiv und erfolgreich<br>an der Verbreitung des Modells arbeitet, ist das Daten-Modell heute der Branchenstandard<br>in \u00d6sterreich, Deutschland, Europa USA Canada, und in bereits vielen Osteurop\u00e4ischen L\u00e4ndern.<\/p>\n\n\n\n<p style=\"font-size:clamp(0.875rem, 0.875rem + ((1vw - 0.2rem) * 0.208), 1rem);\">Auch gibt es Vereinbarungen f\u00fcr eine Zusammenarbeit mit anderen Klassifikationssystemen (Bsp. e-cl@ss), und neuen Entwicklungen hinsichtlich der Anforderung an Produktdaten wie mit BIM (Building Information Modeling).<\/p>\n\n\n\n<p style=\"font-size:clamp(0.875rem, 0.875rem + ((1vw - 0.2rem) * 0.208), 1rem);\">Kurzum: Eine Klassifikation mit absoluter Investitionssicherheit und gr\u00f6\u00dfter Langlebigkeit.<\/p>\n\n\n\n<p><\/p>\n\n\n\n<h2 class=\"wp-block-heading has-text-color has-link-color wp-elements-c77cc8b7b51d12c984db114e466b5c3b\" style=\"color:#325fa2;font-size:clamp(0.984rem, 0.984rem + ((1vw - 0.2rem) * 0.86), 1.5rem);\"><strong>F\u00fcr andere Standards offen<\/strong><\/h2>\n\n\n\n<p style=\"font-size:clamp(0.875rem, 0.875rem + ((1vw - 0.2rem) * 0.208), 1rem);\">ETIM ist so aufgebaut, dass die Nutzung f\u00fcr andere Standards der Industrie, zum Beispiel eCl@ss, problemlos m\u00f6glich ist und erleichtert wird.<\/p>\n","protected":false},"excerpt":{"rendered":"<p>ETIM-Nutzer haben es leichter \u2013 in der Zusammenarbeit mit dem Handel, im Vertrieb, bei den eigenen IT- und Gesch\u00e4ftsprozessen Dem Datenwirrwarr ein Ende Mit ETIM nutzen alle Beteiligten in der Elektroindustrie dieselbe Produkt- und Katalogdatenbasis. Weil der Aufbau und die Beschreibungsstruktur gleich sind, entfallen alle bisher notwendigen, in der Regel aufw\u00e4ndigen Datenformatierungen und -anpassungen. Schneller [&hellip;]<\/p>\n","protected":false},"author":1,"featured_media":0,"parent":0,"menu_order":0,"comment_status":"closed","ping_status":"closed","template":"","meta":{"footnotes":""},"class_list":["post-233","page","type-page","status-publish","hentry"],"_links":{"self":[{"href":"https:\/\/www.etim.at\/index.php?rest_route=\/wp\/v2\/pages\/233","targetHints":{"allow":["GET"]}}],"collection":[{"href":"https:\/\/www.etim.at\/index.php?rest_route=\/wp\/v2\/pages"}],"about":[{"href":"https:\/\/www.etim.at\/index.php?rest_route=\/wp\/v2\/types\/page"}],"author":[{"embeddable":true,"href":"https:\/\/www.etim.at\/index.php?rest_route=\/wp\/v2\/users\/1"}],"replies":[{"embeddable":true,"href":"https:\/\/www.etim.at\/index.php?rest_route=%2Fwp%2Fv2%2Fcomments&post=233"}],"version-history":[{"count":2,"href":"https:\/\/www.etim.at\/index.php?rest_route=\/wp\/v2\/pages\/233\/revisions"}],"predecessor-version":[{"id":245,"href":"https:\/\/www.etim.at\/index.php?rest_route=\/wp\/v2\/pages\/233\/revisions\/245"}],"wp:attachment":[{"href":"https:\/\/www.etim.at\/index.php?rest_route=%2Fwp%2Fv2%2Fmedia&parent=233"}],"curies":[{"name":"wp","href":"https:\/\/api.w.org\/{rel}","templated":true}]}}