{"id":243,"date":"2025-09-19T11:32:22","date_gmt":"2025-09-19T09:32:22","guid":{"rendered":"https:\/\/etim.at\/?page_id=243"},"modified":"2025-10-09T09:37:24","modified_gmt":"2025-10-09T07:37:24","slug":"darum-etim-2","status":"publish","type":"page","link":"https:\/\/www.etim.at\/?page_id=243","title":{"rendered":"Darum ETIM!"},"content":{"rendered":"\n<h2 class=\"wp-block-heading has-text-color has-link-color wp-elements-ce069d0e680f57ac339047dbed2d7426\" style=\"color:#325fa2;font-size:clamp(0.984rem, 0.984rem + ((1vw - 0.2rem) * 0.86), 1.5rem);\"><strong>Dem Datenwirrwarr ein Ende<\/strong><\/h2>\n\n\n\n<p class=\"has-link-color wp-elements-0ccdf2b94bc0d24cb60ac5305793e8f6\" style=\"font-size:clamp(0.875rem, 0.875rem + ((1vw - 0.2rem) * 0.208), 1rem);\">Mit ETIM nutzen alle Beteiligten in der Elektroindustrie dieselbe Produkt- und Katalogdatenbasis. Weil der Aufbau und die Beschreibungsstruktur gleich sind, entfallen alle bisher notwendigen, in der Regel aufw\u00e4ndigen Datenformatierungen und -anpassungen. Schneller und reibungsloser war Datenaustausch zwischen Hersteller und Handel noch nie! \u00a0<a href=\"https:\/\/www.etim.at\/?page_id=233\" data-type=\"page\" data-id=\"233\">mehr &#8230;<\/a><\/p>\n\n\n\n<p><\/p>\n\n\n\n<h2 class=\"wp-block-heading has-text-color has-link-color wp-elements-c207e3a91bb84015c201bd74b538273e\" style=\"color:#325fa2;font-size:clamp(0.984rem, 0.984rem + ((1vw - 0.2rem) * 0.86), 1.5rem);\"><strong>Lernen Sie im Folgenden kennen,<\/strong><\/h2>\n\n\n\n<p class=\"has-link-color wp-elements-1e580d81e64ee1e326498e593a63ecb6\" style=\"font-size:clamp(0.875rem, 0.875rem + ((1vw - 0.2rem) * 0.208), 1rem);\">warum es ETIM gibt und was es Herstellern wie H\u00e4ndlern bringt! Alle Fachleute und die Teilnehmer am Handel erleben es bereits t\u00e4glich: Wenn es um die Pr\u00e4sentation und die Recherche von Produkten, vor allem aber um den Verkauf geht, spielen das Internet und Online-Prozesse eine immer wichtigere Rolle. Schon jetzt werden 30 Prozent aller Order und Bestellabl\u00e4ufe online vollzogen \u2013 Tendenz weiter steigend. \u00a0<a href=\"https:\/\/www.etim.at\/?page_id=246\" data-type=\"page\" data-id=\"246\">mehr &#8230;<\/a><\/p>\n\n\n\n<p><\/p>\n","protected":false},"excerpt":{"rendered":"<p>Dem Datenwirrwarr ein Ende Mit ETIM nutzen alle Beteiligten in der Elektroindustrie dieselbe Produkt- und Katalogdatenbasis. Weil der Aufbau und die Beschreibungsstruktur gleich sind, entfallen alle bisher notwendigen, in der Regel aufw\u00e4ndigen Datenformatierungen und -anpassungen. Schneller und reibungsloser war Datenaustausch zwischen Hersteller und Handel noch nie! \u00a0mehr &#8230; Lernen Sie im Folgenden kennen, warum es [&hellip;]<\/p>\n","protected":false},"author":1,"featured_media":0,"parent":0,"menu_order":0,"comment_status":"closed","ping_status":"closed","template":"","meta":{"footnotes":""},"class_list":["post-243","page","type-page","status-publish","hentry"],"_links":{"self":[{"href":"https:\/\/www.etim.at\/index.php?rest_route=\/wp\/v2\/pages\/243","targetHints":{"allow":["GET"]}}],"collection":[{"href":"https:\/\/www.etim.at\/index.php?rest_route=\/wp\/v2\/pages"}],"about":[{"href":"https:\/\/www.etim.at\/index.php?rest_route=\/wp\/v2\/types\/page"}],"author":[{"embeddable":true,"href":"https:\/\/www.etim.at\/index.php?rest_route=\/wp\/v2\/users\/1"}],"replies":[{"embeddable":true,"href":"https:\/\/www.etim.at\/index.php?rest_route=%2Fwp%2Fv2%2Fcomments&post=243"}],"version-history":[{"count":2,"href":"https:\/\/www.etim.at\/index.php?rest_route=\/wp\/v2\/pages\/243\/revisions"}],"predecessor-version":[{"id":375,"href":"https:\/\/www.etim.at\/index.php?rest_route=\/wp\/v2\/pages\/243\/revisions\/375"}],"wp:attachment":[{"href":"https:\/\/www.etim.at\/index.php?rest_route=%2Fwp%2Fv2%2Fmedia&parent=243"}],"curies":[{"name":"wp","href":"https:\/\/api.w.org\/{rel}","templated":true}]}}