{"id":246,"date":"2025-09-19T11:38:01","date_gmt":"2025-09-19T09:38:01","guid":{"rendered":"https:\/\/etim.at\/?page_id=246"},"modified":"2025-10-09T11:25:15","modified_gmt":"2025-10-09T09:25:15","slug":"die-zukunft-heisst-online","status":"publish","type":"page","link":"https:\/\/www.etim.at\/?page_id=246","title":{"rendered":"Die Zukunft hei\u00dft Online"},"content":{"rendered":"\n<h2 class=\"wp-block-heading has-text-color has-link-color wp-elements-824859e489042dba1292b45da88d587a\" style=\"color:#325fa2;font-size:clamp(0.984rem, 0.984rem + ((1vw - 0.2rem) * 0.86), 1.5rem);\"><strong>Alle Fachleute und die Teilnehmer am Handel erleben es bereits t\u00e4glich<\/strong><\/h2>\n\n\n\n<p style=\"font-size:clamp(0.875rem, 0.875rem + ((1vw - 0.2rem) * 0.208), 1rem);\">Wenn es um die Pr\u00e4sentation und die Recherche von Produkten, vor allem aber um den Verkauf geht, spielen das Internet und Online-Prozesse eine immer wichtigere Rolle. Schon jetzt werden 30 Prozent und mehr aller Order und Bestellabl\u00e4ufe online vollzogen \u2013 Tendenz weiter steigend. &nbsp;<\/p>\n\n\n\n<p style=\"font-size:clamp(0.875rem, 0.875rem + ((1vw - 0.2rem) * 0.208), 1rem);\">F\u00fcr Hersteller wie H\u00e4ndler hei\u00dft das: Wollen sie im internationalen eCommerce erfolgreich sein, m\u00fcssen sie im Bereich IT\/e-Business optimal aufgestellt sein: Bei der eingesetzten Hard- und Software, bei allen relevanten internen Gesch\u00e4ftsprozessen, vor allem aber bei der Frage des Datenaustausches. Denn nur wenn der Handel ideal vorbereite Produkt- und Katalogdaten erh\u00e4lt, kann und wird er diese auch in Katalogen und Shop-Systemen einsetzen und damit den Absatz f\u00fcr Hersteller gew\u00e4hrleisten.<\/p>\n\n\n\n<p style=\"font-size:clamp(0.875rem, 0.875rem + ((1vw - 0.2rem) * 0.208), 1rem);\">Blickt man auf den heutigen Prozessablauf und den Datenaustausch zwischen Hersteller und Handel der Elektroindustrie, so wird deutlich, dass dieser Idealzustand noch lange nicht erreicht ist. Ganz im Gegenteil: Viele Prozesse stecken noch in den Kinderschuhen und kosten Hersteller und Handel deshalb viel Geld und Zeit. Eine Ursache hierf\u00fcr sind die oft sehr unterschiedlichen und heterogenen Dateiformate und Produktbeschreibungen, mit denen die unterschiedlichen Hersteller arbeiten und die sie an die H\u00e4ndler weiter geben. Weil diese nicht gleichartig aufgebaut sind, entstehen nach der \u00dcbermittlung hohe Aufwendungen f\u00fcr Anpassung und Umformatierung, vor allem aber f\u00fcr die Abstimmung zwischen den Handelsstufen. Und es kann sogar zum Verlust von Daten f\u00fchren. Dies sind Einschr\u00e4nkungen, die wegen des hohen Margendrucks, der verk\u00fcrzten Produktlebenszyklen, der immer breiteren Sortimente, der Globalisierung der Wirtschaft und der steigenden Bedeutung des eCommerce heute eigentlich kein Problem mehr sein sollten.<\/p>\n\n\n\n<p style=\"font-size:clamp(0.875rem, 0.875rem + ((1vw - 0.2rem) * 0.208), 1rem);\">Im Wissen um das Datenwirrwarr und die damit verbundenen Aufwendungen bei Herstellern und Handel in der Elektrobranche, wurde 1999 der Verein ETIM Deutschland e.V. ins Leben gerufen. Sein Ziel war es das Elektro-Technische-Informations-Modell (ETIM) als Standard f\u00fcr den Datenaustausch in der Branche zu etablieren.<\/p>\n\n\n\n<p style=\"font-size:clamp(0.875rem, 0.875rem + ((1vw - 0.2rem) * 0.208), 1rem);\">In weiterer Folge haben in \u00d6sterreich die gr\u00f6\u00dften EGH&#8217;s und eine namhafte Anzahl deren namhaftester Hersteller und Lieferanten den Verein ETIM \u00d6sterreich gegr\u00fcndet.<\/p>\n\n\n\n<p class=\"has-link-color wp-elements-a89b5db738310489aa93a8d58b74ca2d\" style=\"font-size:clamp(0.875rem, 0.875rem + ((1vw - 0.2rem) * 0.208), 1rem);\">In der Zwischenzeit gibt es nahezu in allen europ\u00e4ischen L\u00e4ndern eine eigene ETIM Dachorganisation und ist ETIM mit der Zusammenarbeit mit\u00a0<a href=\"https:\/\/idea4industry.com\/default.htm\" data-type=\"link\" data-id=\"https:\/\/etim.at\/old\/idea4industry.com\/default.htm\" target=\"_blank\" rel=\"noreferrer noopener\">IDEA\u00a0<\/a>in den USA international aufgestellt.<\/p>\n\n\n\n<p style=\"font-size:clamp(0.875rem, 0.875rem + ((1vw - 0.2rem) * 0.208), 1rem);\">Neben der Nachhaltigkeit eines harmonisierten Datenaustausches, ist die weitere Entwicklung des Datenmodells, sowohl in den Sprachversionen, als auch in der st\u00e4ndigen Anpassung und Erweiterung der standardisierten Beschreibung der techn. Merkmale neuer Produktsortimente Aufgabe und Ziel jeder einzelnen nationalen Dachorganisation. Abgestimmt und zusammengefasst in einem internationalem Monitoring ist damit ein einheitlicher und internationaler Standard des gesamten ETIM Modells gew\u00e4hrleistet.<\/p>\n\n\n\n<h2 class=\"wp-block-heading has-text-color has-link-color wp-elements-17d74c6debf3d88ef7739aaabf716baa\" style=\"color:#325fa2;font-size:clamp(0.984rem, 0.984rem + ((1vw - 0.2rem) * 0.86), 1.5rem);\"><strong>Es hat folgende Prinzipien<\/strong><\/h2>\n\n\n\n<ul class=\"wp-block-list\">\n<li style=\"font-size:clamp(0.875rem, 0.875rem + ((1vw - 0.2rem) * 0.208), 1rem);\">Mit ETIM nutzen alle Beteiligten in der Elektroindustrie dieselbe Produkt- und Katalogdatenbasis. Es sind keine Datenformatierungen und -Anpassungen mehr notwendig. Das spart eine Menge Zeit und Kosten.<br><\/li>\n\n\n\n<li style=\"font-size:clamp(0.875rem, 0.875rem + ((1vw - 0.2rem) * 0.208), 1rem);\">Das Grundprinzip von ETIM ist ebenso einfach wie gut: Jedes in der Elektrobranche gehandelte Produkt wird einer bestimmten Produktklasse zugeteilt. Innerhalb jeder dieser Produktklassen werden den Waren unterschiedliche, objektivierbare Eigenschaften, wie zum Beispiel Material oder Leistungsaufnahme, zugeordnet. Produktklassen werden zus\u00e4tzlich in der Regel durch Synonyme beschrieben, die die Produktsuche weiter optimieren. Neben den zur Klassifizierung n\u00f6tigen Produktdaten werden von guten Produktdatenformaten auch zus\u00e4tzliche Produktinformationen \u00fcbertragen.<br><\/li>\n\n\n\n<li style=\"font-size:clamp(0.875rem, 0.875rem + ((1vw - 0.2rem) * 0.208), 1rem);\">Die \u00dcbertragung der Daten &#8211; der ETIM Klassifikationsdaten genauso wie der zur Bestellung und zur Pr\u00e4sentation in Zielsystemen n\u00f6tigen betriebswirtschaftlichen Stammdaten und zus\u00e4tzlichen Marketingdaten &#8211; wird durch den BMEcat spezifiziert. BMEcat ist ein speziell f\u00fcr den Austausch von elektronischen Katalogdaten entwickeltes Datenformat auf XML Basis.<br><\/li>\n\n\n\n<li style=\"font-size:clamp(0.875rem, 0.875rem + ((1vw - 0.2rem) * 0.208), 1rem);\">ETIM wurde zum Leitbild f\u00fcr den Austausch von Produkt- und Katalogdaten zwischen der Elektroindustrie und dem Elektrogro\u00dfhandel. Und das nicht nur in Deutschland sondern mittlerweile in vielen weiteren L\u00e4ndern Europas. ETIM verbessert den Datenaustausch sowie die Kommunikation zwischen Industrie und Handel und schafft somit mehr Zeit f\u00fcr den Verkauf!<br><\/li>\n\n\n\n<li style=\"font-size:clamp(0.875rem, 0.875rem + ((1vw - 0.2rem) * 0.208), 1rem);\">Heute steht ETIM f\u00fcr eine deutliche Erleichterung und Kostenreduzierung.&nbsp;<\/li>\n<\/ul>\n\n\n\n<p><\/p>\n","protected":false},"excerpt":{"rendered":"<p>Alle Fachleute und die Teilnehmer am Handel erleben es bereits t\u00e4glich Wenn es um die Pr\u00e4sentation und die Recherche von Produkten, vor allem aber um den Verkauf geht, spielen das Internet und Online-Prozesse eine immer wichtigere Rolle. Schon jetzt werden 30 Prozent und mehr aller Order und Bestellabl\u00e4ufe online vollzogen \u2013 Tendenz weiter steigend. &nbsp; [&hellip;]<\/p>\n","protected":false},"author":1,"featured_media":0,"parent":0,"menu_order":0,"comment_status":"closed","ping_status":"closed","template":"","meta":{"footnotes":""},"class_list":["post-246","page","type-page","status-publish","hentry"],"_links":{"self":[{"href":"https:\/\/www.etim.at\/index.php?rest_route=\/wp\/v2\/pages\/246","targetHints":{"allow":["GET"]}}],"collection":[{"href":"https:\/\/www.etim.at\/index.php?rest_route=\/wp\/v2\/pages"}],"about":[{"href":"https:\/\/www.etim.at\/index.php?rest_route=\/wp\/v2\/types\/page"}],"author":[{"embeddable":true,"href":"https:\/\/www.etim.at\/index.php?rest_route=\/wp\/v2\/users\/1"}],"replies":[{"embeddable":true,"href":"https:\/\/www.etim.at\/index.php?rest_route=%2Fwp%2Fv2%2Fcomments&post=246"}],"version-history":[{"count":3,"href":"https:\/\/www.etim.at\/index.php?rest_route=\/wp\/v2\/pages\/246\/revisions"}],"predecessor-version":[{"id":403,"href":"https:\/\/www.etim.at\/index.php?rest_route=\/wp\/v2\/pages\/246\/revisions\/403"}],"wp:attachment":[{"href":"https:\/\/www.etim.at\/index.php?rest_route=%2Fwp%2Fv2%2Fmedia&parent=246"}],"curies":[{"name":"wp","href":"https:\/\/api.w.org\/{rel}","templated":true}]}}