{"id":48,"date":"2024-08-31T00:14:04","date_gmt":"2024-08-30T22:14:04","guid":{"rendered":"https:\/\/etim.at\/?page_id=48"},"modified":"2026-04-22T09:08:03","modified_gmt":"2026-04-22T07:08:03","slug":"startseite","status":"publish","type":"page","link":"https:\/\/www.etim.at\/","title":{"rendered":"Startseite ETIM Austria"},"content":{"rendered":"\n<figure class=\"wp-block-image alignwide size-full\"><img loading=\"lazy\" decoding=\"async\" width=\"1280\" height=\"303\" src=\"https:\/\/www.etim.at\/wp-content\/uploads\/2026\/04\/ETIM-Teaser.jpg\" alt=\"\" class=\"wp-image-487\" srcset=\"https:\/\/www.etim.at\/wp-content\/uploads\/2026\/04\/ETIM-Teaser.jpg 1280w, https:\/\/www.etim.at\/wp-content\/uploads\/2026\/04\/ETIM-Teaser-300x71.jpg 300w, https:\/\/www.etim.at\/wp-content\/uploads\/2026\/04\/ETIM-Teaser-1024x242.jpg 1024w, https:\/\/www.etim.at\/wp-content\/uploads\/2026\/04\/ETIM-Teaser-768x182.jpg 768w\" sizes=\"auto, (max-width: 1280px) 100vw, 1280px\" \/><\/figure>\n\n\n\n<div class=\"wp-block-columns alignwide are-vertically-aligned-top is-layout-flex wp-container-core-columns-is-layout-28f84493 wp-block-columns-is-layout-flex\">\n<div class=\"wp-block-column is-layout-flow wp-block-column-is-layout-flow\">\n<p><\/p>\n\n\n\n<h3 class=\"wp-block-heading has-text-align-center\">Herzlich Willkommen bei ETIM Austria<br>Interessengemeinschaft f\u00fcr den Klassifizierungsstandard ETIM<\/h3>\n\n\n\n<div style=\"height:31px\" aria-hidden=\"true\" class=\"wp-block-spacer\"><\/div>\n<\/div>\n<\/div>\n\n\n<ul class=\"wp-block-latest-posts__list has-dates blocksatz wp-block-latest-posts\"><li><a class=\"wp-block-latest-posts__post-title\" href=\"https:\/\/www.etim.at\/?p=457\">Neuer Vorstand<\/a><time datetime=\"2026-02-19T08:05:28+01:00\" class=\"wp-block-latest-posts__post-date\">19. Feber 2026<\/time><div class=\"wp-block-latest-posts__post-full-content\"><!-- wp:paragraph -->\n<p>Am 29.01.2026 wurde der ETIM-Austria Vorstand neu gew\u00e4hlt. In dieser neuen Zusammensetzung sind nun auch neben den Bereichen Elektro, die Sparten Bau und HKLS mit einem eigenen Funktion\u00e4r vertreten:<\/p>\n<!-- \/wp:paragraph -->\n\n<!-- wp:paragraph -->\n<p><\/p>\n<!-- \/wp:paragraph -->\n\n<!-- wp:paragraph -->\n<p>Obmann: Peter Benisch<\/p>\n<!-- \/wp:paragraph -->\n\n<!-- wp:paragraph -->\n<p>Obmann-Stellvertreter Bereich Elektro: Ing. Stefan Scholl<\/p>\n<!-- \/wp:paragraph -->\n\n<!-- wp:paragraph -->\n<p>Obmann-Stellvertreter Bereich HKLS: Ing. Harald Strobl, MBA<\/p>\n<!-- \/wp:paragraph -->\n\n<!-- wp:paragraph -->\n<p>Kassier: Ing. Harald Strobl, MBA<\/p>\n<!-- \/wp:paragraph -->\n\n<!-- wp:paragraph -->\n<p><\/p>\n<!-- \/wp:paragraph -->\n\n<!-- wp:paragraph -->\n<p><\/p>\n<!-- \/wp:paragraph --><\/div><\/li>\n<li><a class=\"wp-block-latest-posts__post-title\" href=\"https:\/\/www.etim.at\/?p=444\">Sieben Mythen zum DPP (Digitaler Produktpass)<\/a><time datetime=\"2026-01-23T08:44:29+01:00\" class=\"wp-block-latest-posts__post-date\">23. J\u00e4nner 2026<\/time><div class=\"wp-block-latest-posts__post-full-content\"><!-- wp:paragraph -->\n<p>Zum Thema &#8222;Digitaler Produktpass&#8220; gibt es mittlerweile viele (Falsch-)Informationen. Baumeister Ing. Otto Handle hat in einem Bericht sieben Mythen dazu behandelt: <a href=\"https:\/\/www.eurobau.com\/upload\/cms\/de-de\/pdf_40991.pdf\" target=\"_blank\" rel=\"noreferrer noopener\">Faktencheck zum DPP<\/a><\/p>\n<!-- \/wp:paragraph -->\n\n<!-- wp:paragraph -->\n<p><\/p>\n<!-- \/wp:paragraph -->\n\n<!-- wp:paragraph -->\n<p>Quelle: <a href=\"http:\/\/www.a3bau.at\" target=\"_blank\" rel=\"noreferrer noopener\">www.a3bau.at<\/a><\/p>\n<!-- \/wp:paragraph -->\n\n<!-- wp:paragraph -->\n<p><\/p>\n<!-- \/wp:paragraph --><\/div><\/li>\n<li><a class=\"wp-block-latest-posts__post-title\" href=\"https:\/\/www.etim.at\/?p=425\">ETIM xChange Version 2.0 Ver\u00f6ffentlicht<\/a><time datetime=\"2025-11-28T10:22:07+01:00\" class=\"wp-block-latest-posts__post-date\">28. November 2025<\/time><div class=\"wp-block-latest-posts__post-full-content\"><!-- wp:paragraph -->\n<p>Die Version 2.0 des <strong>ETIM xChange<\/strong>-Formats f\u00fcr den Austausch von Produktstammdaten wurde offiziell ver\u00f6ffentlicht.<br><\/p>\n<!-- \/wp:paragraph -->\n\n<!-- wp:paragraph -->\n<p><\/p>\n<!-- \/wp:paragraph -->\n\n<!-- wp:heading {\"level\":4} -->\n<h4 class=\"wp-block-heading\"><strong>Wesentliche Highlights der Version 2.0<\/strong>:<br><\/h4>\n<!-- \/wp:heading -->\n\n<!-- wp:paragraph -->\n<p><\/p>\n<!-- \/wp:paragraph -->\n\n<!-- wp:paragraph -->\n<p><strong>Erweiterte Umweltdatenfelder (LCA\/EPD):<\/strong> Gemeinsam mit der internationalen Arbeitsgruppe f\u00fcr Umweltdaten entwickelt, um den wachsenden Anforderungen an Nachhaltigkeitsberichte gerecht zu werden.<\/p>\n<!-- \/wp:paragraph -->\n\n<!-- wp:paragraph -->\n<p><\/p>\n<!-- \/wp:paragraph -->\n\n<!-- wp:paragraph -->\n<p><strong>Neues Element f\u00fcr Verpackungsmaterialdaten:<\/strong> Zur Erf\u00fcllung der wichtigsten Datenanforderungen der neuen PPWR, der EU-Verordnung \u00fcber Verpackungen und Verpackungsabf\u00e4lle.<\/p>\n<!-- \/wp:paragraph -->\n\n<!-- wp:paragraph -->\n<p><\/p>\n<!-- \/wp:paragraph -->\n\n<!-- wp:paragraph -->\n<p><strong>Wieder eingef\u00fchrte und aktualisierte MD-Codes:<\/strong> Aus ETIM BMEcat \u00fcbernommen und nun als geschlossene Liste (MDX-Codes) f\u00fcr die Spezifikation des Medientyps der zweiten Ebene im Feld \u201eAttachmentTypeSpecification\u201c enthalten.<\/p>\n<!-- \/wp:paragraph -->\n\n<!-- wp:paragraph -->\n<p><\/p>\n<!-- \/wp:paragraph -->\n\n<!-- wp:paragraph -->\n<p><strong>Unterst\u00fctzung f\u00fcr Seriennummernverwaltung:<\/strong> Erm\u00f6glicht eine robustere Nachverfolgbarkeit serialisierter Produkte.<\/p>\n<!-- \/wp:paragraph -->\n\n<!-- wp:paragraph -->\n<p><\/p>\n<!-- \/wp:paragraph -->\n\n<!-- wp:paragraph -->\n<p><strong>Und vieles mehr:<\/strong> Eine vollst\u00e4ndige \u00dcbersicht finden Sie im \u00c4nderungsprotokoll im letzten Kapitel des Leitfadens.<br><\/p>\n<!-- \/wp:paragraph -->\n\n<!-- wp:paragraph -->\n<p><\/p>\n<!-- \/wp:paragraph -->\n\n<!-- wp:paragraph -->\n<p>Hier gehts zum Leitfaden der neuen Version:<\/p>\n<!-- \/wp:paragraph -->\n\n<!-- wp:paragraph -->\n<p><a href=\"https:\/\/www.etim-international.com\/downloads\/?_sft_downloadcategory=xchange\">Downloads Archive &#8211; ETIM International<\/a><\/p>\n<!-- \/wp:paragraph --><\/div><\/li>\n<li><a class=\"wp-block-latest-posts__post-title\" href=\"https:\/\/www.etim.at\/?p=405\">ETIM \u00d6sterreich erweitert seine Mitgliedschaft um den Sektor Heizungs-, L\u00fcftungs- und Klimatechnik, Sanit\u00e4r- und Sanit\u00e4rbedarf<\/a><time datetime=\"2025-10-24T07:10:44+02:00\" class=\"wp-block-latest-posts__post-date\">24. Oktober 2025<\/time><div class=\"wp-block-latest-posts__post-full-content\"><!-- wp:preformatted {\"className\":\"blocksatz\",\"fontFamily\":\"body\"} -->\n<pre id=\"tw-target-text\" class=\"wp-block-preformatted blocksatz has-body-font-family\">Am 17. Oktober wurde in unserer Mitgliederversammlung beschlossen, unsere Mitgliedschaft <br>um den Sektor Heizungs-, L\u00fcftungs- und Klimatechnik, Sanit\u00e4r- und Sanit\u00e4rbedarf zu erweitern. <br><br>Das bedeutet, dass unsere Mitglieder ab dem 1. Januar 2026 umfassende Unterst\u00fctzung, <br>\u00dcbersetzungen und die Bearbeitung von \u00c4nderungsantr\u00e4gen f\u00fcr Produktklassen aus diesem Sektor erwarten k\u00f6nnen. <br>Damit sind wir in der Lage, alle Sektoren des ETIM-Modells zu unterst\u00fctzen.<\/pre>\n<!-- \/wp:preformatted -->\n\n<!-- wp:paragraph -->\n<p><\/p>\n<!-- \/wp:paragraph --><\/div><\/li>\n<li><a class=\"wp-block-latest-posts__post-title\" href=\"https:\/\/www.etim.at\/?p=88\">ETIM 10 Ver\u00f6ffentlicht!<\/a><time datetime=\"2024-10-07T21:10:44+02:00\" class=\"wp-block-latest-posts__post-date\">7. Oktober 2024<\/time><div class=\"wp-block-latest-posts__post-full-content\"><!-- wp:paragraph -->\n<p>Die neueste Etim Version 10 ist mittlerweile Ver\u00f6ffentlicht.<\/p>\n<!-- \/wp:paragraph -->\n\n<!-- wp:paragraph -->\n<p>Die ben\u00f6tigten Daten k\u00f6nnen jederzeit via Mail bei uns angefordert werden.<\/p>\n<!-- \/wp:paragraph --><\/div><\/li>\n<\/ul>\n\n\n<p><\/p>\n","protected":false},"excerpt":{"rendered":"<p>Herzlich Willkommen bei ETIM AustriaInteressengemeinschaft f\u00fcr den Klassifizierungsstandard ETIM<\/p>\n","protected":false},"author":1,"featured_media":32,"parent":0,"menu_order":0,"comment_status":"closed","ping_status":"closed","template":"","meta":{"footnotes":""},"class_list":["post-48","page","type-page","status-publish","has-post-thumbnail","hentry"],"_links":{"self":[{"href":"https:\/\/www.etim.at\/index.php?rest_route=\/wp\/v2\/pages\/48","targetHints":{"allow":["GET"]}}],"collection":[{"href":"https:\/\/www.etim.at\/index.php?rest_route=\/wp\/v2\/pages"}],"about":[{"href":"https:\/\/www.etim.at\/index.php?rest_route=\/wp\/v2\/types\/page"}],"author":[{"embeddable":true,"href":"https:\/\/www.etim.at\/index.php?rest_route=\/wp\/v2\/users\/1"}],"replies":[{"embeddable":true,"href":"https:\/\/www.etim.at\/index.php?rest_route=%2Fwp%2Fv2%2Fcomments&post=48"}],"version-history":[{"count":33,"href":"https:\/\/www.etim.at\/index.php?rest_route=\/wp\/v2\/pages\/48\/revisions"}],"predecessor-version":[{"id":488,"href":"https:\/\/www.etim.at\/index.php?rest_route=\/wp\/v2\/pages\/48\/revisions\/488"}],"wp:featuredmedia":[{"embeddable":true,"href":"https:\/\/www.etim.at\/index.php?rest_route=\/wp\/v2\/media\/32"}],"wp:attachment":[{"href":"https:\/\/www.etim.at\/index.php?rest_route=%2Fwp%2Fv2%2Fmedia&parent=48"}],"curies":[{"name":"wp","href":"https:\/\/api.w.org\/{rel}","templated":true}]}}